{"id":73111,"date":"2026-04-23T00:17:32","date_gmt":"2026-04-22T21:17:32","guid":{"rendered":"https:\/\/rezekne.citro.lv\/veikals\/lidzeklis-bros-graudi-pret-pelem-un-zurkam-120g\/"},"modified":"2026-04-24T06:01:59","modified_gmt":"2026-04-24T03:01:59","slug":"lidzeklis-bros-graudi-pret-pelem-un-zurkam-120g","status":"publish","type":"product","link":"https:\/\/rezekne.citro.lv\/ru\/product\/lidzeklis-bros-graudi-pret-pelem-un-zurkam-120g\/","title":{"rendered":"L\u012aDZEKLIS BROS GRAUDI PRET PEL\u0112M UN \u017dURK\u0100M 120G"},"content":{"rendered":"","protected":false},"excerpt":{"rendered":"<p>18.25 \u20ac\/KG<\/p>\n","protected":false},"featured_media":0,"template":"","meta":{"_acf_changed":false,"inline_featured_image":false},"product_cat":[131,169],"product_tag":[],"acf":[],"aioseo_notices":[],"_links":{"self":[{"href":"https:\/\/rezekne.citro.lv\/ru\/wp-json\/wp\/v2\/product\/73111"}],"collection":[{"href":"https:\/\/rezekne.citro.lv\/ru\/wp-json\/wp\/v2\/product"}],"about":[{"href":"https:\/\/rezekne.citro.lv\/ru\/wp-json\/wp\/v2\/types\/product"}],"wp:attachment":[{"href":"https:\/\/rezekne.citro.lv\/ru\/wp-json\/wp\/v2\/media?parent=73111"}],"wp:term":[{"taxonomy":"product_cat","embeddable":true,"href":"https:\/\/rezekne.citro.lv\/ru\/wp-json\/wp\/v2\/product_cat?post=73111"},{"taxonomy":"product_tag","embeddable":true,"href":"https:\/\/rezekne.citro.lv\/ru\/wp-json\/wp\/v2\/product_tag?post=73111"}],"curies":[{"name":"wp","href":"https:\/\/api.w.org\/{rel}","templated":true}]}}