{"id":73140,"date":"2026-04-23T00:33:15","date_gmt":"2026-04-22T21:33:15","guid":{"rendered":"https:\/\/rezekne.citro.lv\/veikals\/insekticidi-bros-sk-elektro-pret-odiem\/"},"modified":"2026-04-23T00:33:20","modified_gmt":"2026-04-22T21:33:20","slug":"insekticidi-bros-sk-elektro-pret-odiem","status":"publish","type":"product","link":"https:\/\/rezekne.citro.lv\/ru\/product\/insekticidi-bros-sk-elektro-pret-odiem\/","title":{"rendered":"INSEKTIC\u012aDI BROS \u0160\u0136. ELEKTRO PRET ODIEM"},"content":{"rendered":"<p>Izcelsmes valsts:<\/p>\n","protected":false},"excerpt":{"rendered":"<p>Izcelsmes valsts:<\/p>\n","protected":false},"featured_media":73276,"template":"","meta":{"_acf_changed":false,"inline_featured_image":false},"product_cat":[131,169],"product_tag":[],"acf":[],"aioseo_notices":[],"_links":{"self":[{"href":"https:\/\/rezekne.citro.lv\/ru\/wp-json\/wp\/v2\/product\/73140"}],"collection":[{"href":"https:\/\/rezekne.citro.lv\/ru\/wp-json\/wp\/v2\/product"}],"about":[{"href":"https:\/\/rezekne.citro.lv\/ru\/wp-json\/wp\/v2\/types\/product"}],"wp:featuredmedia":[{"embeddable":true,"href":"https:\/\/rezekne.citro.lv\/ru\/wp-json\/wp\/v2\/media\/73276"}],"wp:attachment":[{"href":"https:\/\/rezekne.citro.lv\/ru\/wp-json\/wp\/v2\/media?parent=73140"}],"wp:term":[{"taxonomy":"product_cat","embeddable":true,"href":"https:\/\/rezekne.citro.lv\/ru\/wp-json\/wp\/v2\/product_cat?post=73140"},{"taxonomy":"product_tag","embeddable":true,"href":"https:\/\/rezekne.citro.lv\/ru\/wp-json\/wp\/v2\/product_tag?post=73140"}],"curies":[{"name":"wp","href":"https:\/\/api.w.org\/{rel}","templated":true}]}}