{"id":73194,"date":"2026-01-02T00:15:53","date_gmt":"2026-01-01T22:15:53","guid":{"rendered":"https:\/\/rezekne.citro.lv\/veikals\/skinkis-melnais-barons-vak-lielais-fas-kg-kgs\/"},"modified":"2026-04-20T06:02:16","modified_gmt":"2026-04-20T03:02:16","slug":"skinkis-melnais-barons-vak-lielais-fas-kg-kgs","status":"publish","type":"product","link":"https:\/\/rezekne.citro.lv\/ru\/product\/skinkis-melnais-barons-vak-lielais-fas-kg-kgs\/","title":{"rendered":"\u0160\u0136I\u0145\u0136IS MELNAIS BARONS VAK. (LIELAIS FAS.) KG KGS"},"content":{"rendered":"<p>Izcelsmes valsts: Latvija<br \/>\nRa\u017eot\u0101js Kurzemes Ga\u013csaimnieks uzglab\u0101\u0161anas temp.+2-+6C<\/p>\n","protected":false},"excerpt":{"rendered":"<p>9.39 \u20ac\/KG<\/p>\n","protected":false},"featured_media":87370,"template":"","meta":{"_acf_changed":false,"inline_featured_image":false},"product_cat":[135,174],"product_tag":[],"acf":[],"aioseo_notices":[],"_links":{"self":[{"href":"https:\/\/rezekne.citro.lv\/ru\/wp-json\/wp\/v2\/product\/73194"}],"collection":[{"href":"https:\/\/rezekne.citro.lv\/ru\/wp-json\/wp\/v2\/product"}],"about":[{"href":"https:\/\/rezekne.citro.lv\/ru\/wp-json\/wp\/v2\/types\/product"}],"wp:featuredmedia":[{"embeddable":true,"href":"https:\/\/rezekne.citro.lv\/ru\/wp-json\/wp\/v2\/media\/87370"}],"wp:attachment":[{"href":"https:\/\/rezekne.citro.lv\/ru\/wp-json\/wp\/v2\/media?parent=73194"}],"wp:term":[{"taxonomy":"product_cat","embeddable":true,"href":"https:\/\/rezekne.citro.lv\/ru\/wp-json\/wp\/v2\/product_cat?post=73194"},{"taxonomy":"product_tag","embeddable":true,"href":"https:\/\/rezekne.citro.lv\/ru\/wp-json\/wp\/v2\/product_tag?post=73194"}],"curies":[{"name":"wp","href":"https:\/\/api.w.org\/{rel}","templated":true}]}}