{"id":73214,"date":"2026-04-09T00:02:50","date_gmt":"2026-04-08T21:02:50","guid":{"rendered":"https:\/\/rezekne.citro.lv\/veikals\/skinki-cala-atkauloti-klasiskaja-marinade-900g-kekavaspf\/"},"modified":"2026-04-09T00:02:55","modified_gmt":"2026-04-08T21:02:55","slug":"skinki-cala-atkauloti-klasiskaja-marinade-900g-kekavaspf","status":"publish","type":"product","link":"https:\/\/rezekne.citro.lv\/ru\/product\/skinki-cala-atkauloti-klasiskaja-marinade-900g-kekavaspf\/","title":{"rendered":"\u0160\u0136I\u0145\u0136I C\u0100\u013bA ATKAULOTI  KLASISKAJ\u0100 MARIN\u0100D\u0112 900G  \u0136EKAVASPF"},"content":{"rendered":"<p>Izcelsmes valsts: Latvija<\/p>\n","protected":false},"excerpt":{"rendered":"<p>7.66 \u20ac\/KG<\/p>\n","protected":false},"featured_media":74872,"template":"","meta":{"_acf_changed":false,"inline_featured_image":false},"product_cat":[135,182],"product_tag":[],"acf":[],"aioseo_notices":[],"_links":{"self":[{"href":"https:\/\/rezekne.citro.lv\/ru\/wp-json\/wp\/v2\/product\/73214"}],"collection":[{"href":"https:\/\/rezekne.citro.lv\/ru\/wp-json\/wp\/v2\/product"}],"about":[{"href":"https:\/\/rezekne.citro.lv\/ru\/wp-json\/wp\/v2\/types\/product"}],"wp:featuredmedia":[{"embeddable":true,"href":"https:\/\/rezekne.citro.lv\/ru\/wp-json\/wp\/v2\/media\/74872"}],"wp:attachment":[{"href":"https:\/\/rezekne.citro.lv\/ru\/wp-json\/wp\/v2\/media?parent=73214"}],"wp:term":[{"taxonomy":"product_cat","embeddable":true,"href":"https:\/\/rezekne.citro.lv\/ru\/wp-json\/wp\/v2\/product_cat?post=73214"},{"taxonomy":"product_tag","embeddable":true,"href":"https:\/\/rezekne.citro.lv\/ru\/wp-json\/wp\/v2\/product_tag?post=73214"}],"curies":[{"name":"wp","href":"https:\/\/api.w.org\/{rel}","templated":true}]}}