{"id":73226,"date":"2026-04-23T00:33:22","date_gmt":"2026-04-22T21:33:22","guid":{"rendered":"https:\/\/rezekne.citro.lv\/veikals\/siers-dziugas-kubicini-mild-40-12-men-100g\/"},"modified":"2026-05-11T06:03:29","modified_gmt":"2026-05-11T03:03:29","slug":"siers-dziugas-kubicini-mild-40-12-men-100g","status":"publish","type":"product","link":"https:\/\/rezekne.citro.lv\/ru\/product\/siers-dziugas-kubicini-mild-40-12-men-100g\/","title":{"rendered":"SIERS D\u017dIUGAS KUBICI\u0145I MILD 40% 12 M\u0112N. 100G"},"content":{"rendered":"<p>Izcelsmes valsts: Lietuva<\/p>\n","protected":false},"excerpt":{"rendered":"<p>21.90 \u20ac\/KG<\/p>\n","protected":false},"featured_media":8451,"template":"","meta":{"_acf_changed":false,"inline_featured_image":false},"product_cat":[95,225],"product_tag":[],"acf":[],"aioseo_notices":[],"_links":{"self":[{"href":"https:\/\/rezekne.citro.lv\/ru\/wp-json\/wp\/v2\/product\/73226"}],"collection":[{"href":"https:\/\/rezekne.citro.lv\/ru\/wp-json\/wp\/v2\/product"}],"about":[{"href":"https:\/\/rezekne.citro.lv\/ru\/wp-json\/wp\/v2\/types\/product"}],"wp:featuredmedia":[{"embeddable":true,"href":"https:\/\/rezekne.citro.lv\/ru\/wp-json\/wp\/v2\/media\/8451"}],"wp:attachment":[{"href":"https:\/\/rezekne.citro.lv\/ru\/wp-json\/wp\/v2\/media?parent=73226"}],"wp:term":[{"taxonomy":"product_cat","embeddable":true,"href":"https:\/\/rezekne.citro.lv\/ru\/wp-json\/wp\/v2\/product_cat?post=73226"},{"taxonomy":"product_tag","embeddable":true,"href":"https:\/\/rezekne.citro.lv\/ru\/wp-json\/wp\/v2\/product_tag?post=73226"}],"curies":[{"name":"wp","href":"https:\/\/api.w.org\/{rel}","templated":true}]}}