{"id":73423,"date":"2026-03-26T00:47:18","date_gmt":"2026-03-25T22:47:18","guid":{"rendered":"https:\/\/rezekne.citro.lv\/veikals\/marinets-cukgalas-steiks-melnais-barons-450g\/"},"modified":"2026-03-26T06:25:42","modified_gmt":"2026-03-26T04:25:42","slug":"marinets-cukgalas-steiks-melnais-barons-450g","status":"publish","type":"product","link":"https:\/\/rezekne.citro.lv\/ru\/product\/marinets-cukgalas-steiks-melnais-barons-450g\/","title":{"rendered":"MARIN\u0112TS C\u016aKGA\u013bAS STEIKS MELNAIS BARONS 450G"},"content":{"rendered":"<p>Izcelsmes valsts: Latvija<\/p>\n","protected":false},"excerpt":{"rendered":"<p>9.31 \u20ac\/KG<\/p>\n","protected":false},"featured_media":73630,"template":"","meta":{"_acf_changed":false,"inline_featured_image":false},"product_cat":[135,182],"product_tag":[],"acf":[],"aioseo_notices":[],"_links":{"self":[{"href":"https:\/\/rezekne.citro.lv\/ru\/wp-json\/wp\/v2\/product\/73423"}],"collection":[{"href":"https:\/\/rezekne.citro.lv\/ru\/wp-json\/wp\/v2\/product"}],"about":[{"href":"https:\/\/rezekne.citro.lv\/ru\/wp-json\/wp\/v2\/types\/product"}],"wp:featuredmedia":[{"embeddable":true,"href":"https:\/\/rezekne.citro.lv\/ru\/wp-json\/wp\/v2\/media\/73630"}],"wp:attachment":[{"href":"https:\/\/rezekne.citro.lv\/ru\/wp-json\/wp\/v2\/media?parent=73423"}],"wp:term":[{"taxonomy":"product_cat","embeddable":true,"href":"https:\/\/rezekne.citro.lv\/ru\/wp-json\/wp\/v2\/product_cat?post=73423"},{"taxonomy":"product_tag","embeddable":true,"href":"https:\/\/rezekne.citro.lv\/ru\/wp-json\/wp\/v2\/product_tag?post=73423"}],"curies":[{"name":"wp","href":"https:\/\/api.w.org\/{rel}","templated":true}]}}