{"id":73433,"date":"2024-10-10T00:42:22","date_gmt":"2024-10-09T21:42:22","guid":{"rendered":"https:\/\/rezekne.citro.lv\/veikals\/cala-pussparni-sarkanaja-marinade-400g\/"},"modified":"2024-10-10T00:42:23","modified_gmt":"2024-10-09T21:42:23","slug":"cala-pussparni-sarkanaja-marinade-400g","status":"publish","type":"product","link":"https:\/\/rezekne.citro.lv\/ru\/product\/cala-pussparni-sarkanaja-marinade-400g\/","title":{"rendered":"C\u0100\u013bA PUSSP\u0100RNI SARKANAJ\u0100 MARIN\u0100D\u0112 400G"},"content":{"rendered":"<p>Izcelsmes valsts: Igaunija<\/p>\n","protected":false},"excerpt":{"rendered":"<p>6.48 \u20ac\/KG<\/p>\n","protected":false},"featured_media":73466,"template":"","meta":{"_acf_changed":false,"inline_featured_image":false},"product_cat":[135,182],"product_tag":[],"acf":[],"aioseo_notices":[],"_links":{"self":[{"href":"https:\/\/rezekne.citro.lv\/ru\/wp-json\/wp\/v2\/product\/73433"}],"collection":[{"href":"https:\/\/rezekne.citro.lv\/ru\/wp-json\/wp\/v2\/product"}],"about":[{"href":"https:\/\/rezekne.citro.lv\/ru\/wp-json\/wp\/v2\/types\/product"}],"wp:featuredmedia":[{"embeddable":true,"href":"https:\/\/rezekne.citro.lv\/ru\/wp-json\/wp\/v2\/media\/73466"}],"wp:attachment":[{"href":"https:\/\/rezekne.citro.lv\/ru\/wp-json\/wp\/v2\/media?parent=73433"}],"wp:term":[{"taxonomy":"product_cat","embeddable":true,"href":"https:\/\/rezekne.citro.lv\/ru\/wp-json\/wp\/v2\/product_cat?post=73433"},{"taxonomy":"product_tag","embeddable":true,"href":"https:\/\/rezekne.citro.lv\/ru\/wp-json\/wp\/v2\/product_tag?post=73433"}],"curies":[{"name":"wp","href":"https:\/\/api.w.org\/{rel}","templated":true}]}}