{"id":74273,"date":"2026-05-07T00:03:24","date_gmt":"2026-05-06T21:03:24","guid":{"rendered":"https:\/\/rezekne.citro.lv\/veikals\/energijas-dzeriens-battery-juiced-breeze-0-33l-skard\/"},"modified":"2026-05-08T09:00:11","modified_gmt":"2026-05-08T06:00:11","slug":"energijas-dzeriens-battery-juiced-breeze-0-33l-skard","status":"publish","type":"product","link":"https:\/\/rezekne.citro.lv\/ru\/product\/energijas-dzeriens-battery-juiced-breeze-0-33l-skard\/","title":{"rendered":"ENER\u0122IJAS DZ\u0112RIENS BATTERY JUICED BREEZE 0.33L SK\u0100RD."},"content":{"rendered":"<p>Izcelsmes valsts: Igaunija<\/p>\n","protected":false},"excerpt":{"rendered":"<p>2.70 \u20ac\/L<\/p>\n","protected":false},"featured_media":73910,"template":"","meta":{"_acf_changed":false,"inline_featured_image":false},"product_cat":[106,217],"product_tag":[],"acf":[],"aioseo_notices":[],"_links":{"self":[{"href":"https:\/\/rezekne.citro.lv\/ru\/wp-json\/wp\/v2\/product\/74273"}],"collection":[{"href":"https:\/\/rezekne.citro.lv\/ru\/wp-json\/wp\/v2\/product"}],"about":[{"href":"https:\/\/rezekne.citro.lv\/ru\/wp-json\/wp\/v2\/types\/product"}],"wp:featuredmedia":[{"embeddable":true,"href":"https:\/\/rezekne.citro.lv\/ru\/wp-json\/wp\/v2\/media\/73910"}],"wp:attachment":[{"href":"https:\/\/rezekne.citro.lv\/ru\/wp-json\/wp\/v2\/media?parent=74273"}],"wp:term":[{"taxonomy":"product_cat","embeddable":true,"href":"https:\/\/rezekne.citro.lv\/ru\/wp-json\/wp\/v2\/product_cat?post=74273"},{"taxonomy":"product_tag","embeddable":true,"href":"https:\/\/rezekne.citro.lv\/ru\/wp-json\/wp\/v2\/product_tag?post=74273"}],"curies":[{"name":"wp","href":"https:\/\/api.w.org\/{rel}","templated":true}]}}