{"id":74287,"date":"2026-04-23T00:30:15","date_gmt":"2026-04-22T21:30:15","guid":{"rendered":"https:\/\/rezekne.citro.lv\/veikals\/mineraludens-dabigais-venden-sporta-negazets-0-75l\/"},"modified":"2026-04-25T18:00:07","modified_gmt":"2026-04-25T15:00:07","slug":"mineraludens-dabigais-venden-sporta-negazets-0-75l","status":"publish","type":"product","link":"https:\/\/rezekne.citro.lv\/ru\/product\/mineraludens-dabigais-venden-sporta-negazets-0-75l\/","title":{"rendered":"MINER\u0100L\u016aDENS DAB\u012aGAIS VENDEN SPORTA NEG\u0100Z\u0112TS 0.75L"},"content":{"rendered":"<p>Izcelsmes valsts: Latvija<\/p>\n","protected":false},"excerpt":{"rendered":"<p>0.83 \u20ac\/L<\/p>\n","protected":false},"featured_media":74320,"template":"","meta":{"_acf_changed":false,"inline_featured_image":false},"product_cat":[106,186],"product_tag":[],"acf":[],"aioseo_notices":[],"_links":{"self":[{"href":"https:\/\/rezekne.citro.lv\/ru\/wp-json\/wp\/v2\/product\/74287"}],"collection":[{"href":"https:\/\/rezekne.citro.lv\/ru\/wp-json\/wp\/v2\/product"}],"about":[{"href":"https:\/\/rezekne.citro.lv\/ru\/wp-json\/wp\/v2\/types\/product"}],"wp:featuredmedia":[{"embeddable":true,"href":"https:\/\/rezekne.citro.lv\/ru\/wp-json\/wp\/v2\/media\/74320"}],"wp:attachment":[{"href":"https:\/\/rezekne.citro.lv\/ru\/wp-json\/wp\/v2\/media?parent=74287"}],"wp:term":[{"taxonomy":"product_cat","embeddable":true,"href":"https:\/\/rezekne.citro.lv\/ru\/wp-json\/wp\/v2\/product_cat?post=74287"},{"taxonomy":"product_tag","embeddable":true,"href":"https:\/\/rezekne.citro.lv\/ru\/wp-json\/wp\/v2\/product_tag?post=74287"}],"curies":[{"name":"wp","href":"https:\/\/api.w.org\/{rel}","templated":true}]}}