{"id":74292,"date":"2024-08-27T13:55:41","date_gmt":"2024-08-27T10:55:41","guid":{"rendered":"https:\/\/rezekne.citro.lv\/veikals\/citronskabe-alojas-225g\/"},"modified":"2024-10-30T06:02:59","modified_gmt":"2024-10-30T04:02:59","slug":"citronskabe-alojas-225g","status":"publish","type":"product","link":"https:\/\/rezekne.citro.lv\/ru\/product\/citronskabe-alojas-225g\/","title":{"rendered":"CITRONSK\u0100BE ALOJAS 225G"},"content":{"rendered":"<p>Izcelsmes valsts: \u0136\u012bna<\/p>\n","protected":false},"excerpt":{"rendered":"<p>7.07 \u20ac\/KG<\/p>\n","protected":false},"featured_media":74237,"template":"","meta":{"_acf_changed":false,"inline_featured_image":false},"product_cat":[116,165],"product_tag":[],"acf":[],"aioseo_notices":[],"_links":{"self":[{"href":"https:\/\/rezekne.citro.lv\/ru\/wp-json\/wp\/v2\/product\/74292"}],"collection":[{"href":"https:\/\/rezekne.citro.lv\/ru\/wp-json\/wp\/v2\/product"}],"about":[{"href":"https:\/\/rezekne.citro.lv\/ru\/wp-json\/wp\/v2\/types\/product"}],"wp:featuredmedia":[{"embeddable":true,"href":"https:\/\/rezekne.citro.lv\/ru\/wp-json\/wp\/v2\/media\/74237"}],"wp:attachment":[{"href":"https:\/\/rezekne.citro.lv\/ru\/wp-json\/wp\/v2\/media?parent=74292"}],"wp:term":[{"taxonomy":"product_cat","embeddable":true,"href":"https:\/\/rezekne.citro.lv\/ru\/wp-json\/wp\/v2\/product_cat?post=74292"},{"taxonomy":"product_tag","embeddable":true,"href":"https:\/\/rezekne.citro.lv\/ru\/wp-json\/wp\/v2\/product_tag?post=74292"}],"curies":[{"name":"wp","href":"https:\/\/api.w.org\/{rel}","templated":true}]}}