{"id":74300,"date":"2026-04-09T00:06:39","date_gmt":"2026-04-08T21:06:39","guid":{"rendered":"https:\/\/rezekne.citro.lv\/veikals\/rullisi-fjords-spring-roll-ar-darzeniem-450g\/"},"modified":"2026-04-09T06:04:36","modified_gmt":"2026-04-09T03:04:36","slug":"rullisi-fjords-spring-roll-ar-darzeniem-450g","status":"publish","type":"product","link":"https:\/\/rezekne.citro.lv\/ru\/product\/rullisi-fjords-spring-roll-ar-darzeniem-450g\/","title":{"rendered":"RULL\u012a\u0160I FJORD&#8217;S SPRING ROLL AR D\u0100RZE\u0145IEM 450G"},"content":{"rendered":"<p>Izcelsmes valsts: \u0136\u012bna<\/p>\n","protected":false},"excerpt":{"rendered":"<p>5.76 \u20ac\/KG<\/p>\n","protected":false},"featured_media":74114,"template":"","meta":{"_acf_changed":false,"inline_featured_image":false},"product_cat":[231,232],"product_tag":[],"acf":[],"aioseo_notices":[],"_links":{"self":[{"href":"https:\/\/rezekne.citro.lv\/ru\/wp-json\/wp\/v2\/product\/74300"}],"collection":[{"href":"https:\/\/rezekne.citro.lv\/ru\/wp-json\/wp\/v2\/product"}],"about":[{"href":"https:\/\/rezekne.citro.lv\/ru\/wp-json\/wp\/v2\/types\/product"}],"wp:featuredmedia":[{"embeddable":true,"href":"https:\/\/rezekne.citro.lv\/ru\/wp-json\/wp\/v2\/media\/74114"}],"wp:attachment":[{"href":"https:\/\/rezekne.citro.lv\/ru\/wp-json\/wp\/v2\/media?parent=74300"}],"wp:term":[{"taxonomy":"product_cat","embeddable":true,"href":"https:\/\/rezekne.citro.lv\/ru\/wp-json\/wp\/v2\/product_cat?post=74300"},{"taxonomy":"product_tag","embeddable":true,"href":"https:\/\/rezekne.citro.lv\/ru\/wp-json\/wp\/v2\/product_tag?post=74300"}],"curies":[{"name":"wp","href":"https:\/\/api.w.org\/{rel}","templated":true}]}}