{"id":74308,"date":"2024-08-09T00:10:53","date_gmt":"2024-08-08T21:10:53","guid":{"rendered":"https:\/\/rezekne.citro.lv\/veikals\/mineraludens-dabigais-venden-kids-negazets-0-37l\/"},"modified":"2025-08-01T06:52:31","modified_gmt":"2025-08-01T03:52:31","slug":"mineraludens-dabigais-venden-kids-negazets-0-37l","status":"publish","type":"product","link":"https:\/\/rezekne.citro.lv\/ru\/product\/mineraludens-dabigais-venden-kids-negazets-0-37l\/","title":{"rendered":"MINER\u0100L\u016aDENS DAB\u012aGAIS VENDEN KIDS NEG\u0100Z\u0112TS 0.37L"},"content":{"rendered":"","protected":false},"excerpt":{"rendered":"<p>1.59 \u20ac\/L<\/p>\n","protected":false},"featured_media":19615,"template":"","meta":{"_acf_changed":false,"inline_featured_image":false},"product_cat":[106,186],"product_tag":[],"acf":[],"aioseo_notices":[],"_links":{"self":[{"href":"https:\/\/rezekne.citro.lv\/ru\/wp-json\/wp\/v2\/product\/74308"}],"collection":[{"href":"https:\/\/rezekne.citro.lv\/ru\/wp-json\/wp\/v2\/product"}],"about":[{"href":"https:\/\/rezekne.citro.lv\/ru\/wp-json\/wp\/v2\/types\/product"}],"wp:featuredmedia":[{"embeddable":true,"href":"https:\/\/rezekne.citro.lv\/ru\/wp-json\/wp\/v2\/media\/19615"}],"wp:attachment":[{"href":"https:\/\/rezekne.citro.lv\/ru\/wp-json\/wp\/v2\/media?parent=74308"}],"wp:term":[{"taxonomy":"product_cat","embeddable":true,"href":"https:\/\/rezekne.citro.lv\/ru\/wp-json\/wp\/v2\/product_cat?post=74308"},{"taxonomy":"product_tag","embeddable":true,"href":"https:\/\/rezekne.citro.lv\/ru\/wp-json\/wp\/v2\/product_tag?post=74308"}],"curies":[{"name":"wp","href":"https:\/\/api.w.org\/{rel}","templated":true}]}}