{"id":74819,"date":"2026-04-23T00:16:26","date_gmt":"2026-04-22T21:16:26","guid":{"rendered":"https:\/\/rezekne.citro.lv\/veikals\/saldejums-oreo-krejuma-garsas-uz-kocina-90ml-64g\/"},"modified":"2026-05-08T12:00:21","modified_gmt":"2026-05-08T09:00:21","slug":"saldejums-oreo-krejuma-garsas-uz-kocina-90ml-64g","status":"publish","type":"product","link":"https:\/\/rezekne.citro.lv\/ru\/product\/saldejums-oreo-krejuma-garsas-uz-kocina-90ml-64g\/","title":{"rendered":"SALD\u0112JUMS OREO KR\u0112JUMA GAR\u0160AS UZ KOCI\u0145A 90ML\/64G"},"content":{"rendered":"<p>Izcelsmes valsts: Polija<\/p>\n","protected":false},"excerpt":{"rendered":"<p>24.84 \u20ac\/KG<\/p>\n","protected":false},"featured_media":74733,"template":"","meta":{"_acf_changed":false,"inline_featured_image":false},"product_cat":[233,234],"product_tag":[],"acf":[],"aioseo_notices":[],"_links":{"self":[{"href":"https:\/\/rezekne.citro.lv\/ru\/wp-json\/wp\/v2\/product\/74819"}],"collection":[{"href":"https:\/\/rezekne.citro.lv\/ru\/wp-json\/wp\/v2\/product"}],"about":[{"href":"https:\/\/rezekne.citro.lv\/ru\/wp-json\/wp\/v2\/types\/product"}],"wp:featuredmedia":[{"embeddable":true,"href":"https:\/\/rezekne.citro.lv\/ru\/wp-json\/wp\/v2\/media\/74733"}],"wp:attachment":[{"href":"https:\/\/rezekne.citro.lv\/ru\/wp-json\/wp\/v2\/media?parent=74819"}],"wp:term":[{"taxonomy":"product_cat","embeddable":true,"href":"https:\/\/rezekne.citro.lv\/ru\/wp-json\/wp\/v2\/product_cat?post=74819"},{"taxonomy":"product_tag","embeddable":true,"href":"https:\/\/rezekne.citro.lv\/ru\/wp-json\/wp\/v2\/product_tag?post=74819"}],"curies":[{"name":"wp","href":"https:\/\/api.w.org\/{rel}","templated":true}]}}