{"id":74825,"date":"2026-04-23T00:17:53","date_gmt":"2026-04-22T21:17:53","guid":{"rendered":"https:\/\/rezekne.citro.lv\/veikals\/bariba-kakiem-sausa-friskies-junior-ar-vistu-un-burkaniemk300g\/"},"modified":"2026-05-09T06:02:38","modified_gmt":"2026-05-09T03:02:38","slug":"bariba-kakiem-sausa-friskies-junior-ar-vistu-un-burkaniemk300g","status":"publish","type":"product","link":"https:\/\/rezekne.citro.lv\/ru\/product\/bariba-kakiem-sausa-friskies-junior-ar-vistu-un-burkaniemk300g\/","title":{"rendered":"BAR\u012aBA KA\u0136IEM SAUS\u0100 FRISKIES JUNIOR AR VISTU UN BURK\u0100NIEM 300G"},"content":{"rendered":"<p>Izcelsmes valsts: Ung\u0101rija<\/p>\n","protected":false},"excerpt":{"rendered":"<p>5.30 \u20ac\/KG<\/p>\n","protected":false},"featured_media":74766,"template":"","meta":{"_acf_changed":false,"inline_featured_image":false},"product_cat":[153,175],"product_tag":[],"acf":[],"aioseo_notices":[],"_links":{"self":[{"href":"https:\/\/rezekne.citro.lv\/ru\/wp-json\/wp\/v2\/product\/74825"}],"collection":[{"href":"https:\/\/rezekne.citro.lv\/ru\/wp-json\/wp\/v2\/product"}],"about":[{"href":"https:\/\/rezekne.citro.lv\/ru\/wp-json\/wp\/v2\/types\/product"}],"wp:featuredmedia":[{"embeddable":true,"href":"https:\/\/rezekne.citro.lv\/ru\/wp-json\/wp\/v2\/media\/74766"}],"wp:attachment":[{"href":"https:\/\/rezekne.citro.lv\/ru\/wp-json\/wp\/v2\/media?parent=74825"}],"wp:term":[{"taxonomy":"product_cat","embeddable":true,"href":"https:\/\/rezekne.citro.lv\/ru\/wp-json\/wp\/v2\/product_cat?post=74825"},{"taxonomy":"product_tag","embeddable":true,"href":"https:\/\/rezekne.citro.lv\/ru\/wp-json\/wp\/v2\/product_tag?post=74825"}],"curies":[{"name":"wp","href":"https:\/\/api.w.org\/{rel}","templated":true}]}}