{"id":74828,"date":"2024-10-10T00:28:10","date_gmt":"2024-10-09T21:28:10","guid":{"rendered":"https:\/\/rezekne.citro.lv\/veikals\/smiltis-kakiem-cementejosas-hilton-standart-4kg\/"},"modified":"2024-10-10T00:28:10","modified_gmt":"2024-10-09T21:28:10","slug":"smiltis-kakiem-cementejosas-hilton-standart-4kg","status":"publish","type":"product","link":"https:\/\/rezekne.citro.lv\/ru\/product\/smiltis-kakiem-cementejosas-hilton-standart-4kg\/","title":{"rendered":"SMILTIS KA\u0136IEM CEMENT\u0112JO\u0160AS HILTON STANDART 4KG"},"content":{"rendered":"","protected":false},"excerpt":{"rendered":"<p>1.05 \u20ac\/KG<\/p>\n","protected":false},"featured_media":74746,"template":"","meta":{"_acf_changed":false,"inline_featured_image":false},"product_cat":[153,154],"product_tag":[],"acf":[],"aioseo_notices":[],"_links":{"self":[{"href":"https:\/\/rezekne.citro.lv\/ru\/wp-json\/wp\/v2\/product\/74828"}],"collection":[{"href":"https:\/\/rezekne.citro.lv\/ru\/wp-json\/wp\/v2\/product"}],"about":[{"href":"https:\/\/rezekne.citro.lv\/ru\/wp-json\/wp\/v2\/types\/product"}],"wp:featuredmedia":[{"embeddable":true,"href":"https:\/\/rezekne.citro.lv\/ru\/wp-json\/wp\/v2\/media\/74746"}],"wp:attachment":[{"href":"https:\/\/rezekne.citro.lv\/ru\/wp-json\/wp\/v2\/media?parent=74828"}],"wp:term":[{"taxonomy":"product_cat","embeddable":true,"href":"https:\/\/rezekne.citro.lv\/ru\/wp-json\/wp\/v2\/product_cat?post=74828"},{"taxonomy":"product_tag","embeddable":true,"href":"https:\/\/rezekne.citro.lv\/ru\/wp-json\/wp\/v2\/product_tag?post=74828"}],"curies":[{"name":"wp","href":"https:\/\/api.w.org\/{rel}","templated":true}]}}