{"id":74831,"date":"2026-03-26T00:17:26","date_gmt":"2026-03-25T22:17:26","guid":{"rendered":"https:\/\/rezekne.citro.lv\/veikals\/galetes-bruno-risu-ar-cia-un-kvinoju-seklam-120g\/"},"modified":"2026-04-07T06:01:34","modified_gmt":"2026-04-07T03:01:34","slug":"galetes-bruno-risu-ar-cia-un-kvinoju-seklam-120g","status":"publish","type":"product","link":"https:\/\/rezekne.citro.lv\/ru\/product\/galetes-bruno-risu-ar-cia-un-kvinoju-seklam-120g\/","title":{"rendered":"GALETES BR\u016aNO R\u012aSU AR \u010cIA UN KVINOJU S\u0112KL\u0100M 120G"},"content":{"rendered":"<p>Izcelsmes valsts: Bulg\u0101rija<\/p>\n","protected":false},"excerpt":{"rendered":"<p>9.08 \u20ac\/KG<\/p>\n","protected":false},"featured_media":74466,"template":"","meta":{"_acf_changed":false,"inline_featured_image":false},"product_cat":[215,563],"product_tag":[],"acf":[],"aioseo_notices":[],"_links":{"self":[{"href":"https:\/\/rezekne.citro.lv\/ru\/wp-json\/wp\/v2\/product\/74831"}],"collection":[{"href":"https:\/\/rezekne.citro.lv\/ru\/wp-json\/wp\/v2\/product"}],"about":[{"href":"https:\/\/rezekne.citro.lv\/ru\/wp-json\/wp\/v2\/types\/product"}],"wp:featuredmedia":[{"embeddable":true,"href":"https:\/\/rezekne.citro.lv\/ru\/wp-json\/wp\/v2\/media\/74466"}],"wp:attachment":[{"href":"https:\/\/rezekne.citro.lv\/ru\/wp-json\/wp\/v2\/media?parent=74831"}],"wp:term":[{"taxonomy":"product_cat","embeddable":true,"href":"https:\/\/rezekne.citro.lv\/ru\/wp-json\/wp\/v2\/product_cat?post=74831"},{"taxonomy":"product_tag","embeddable":true,"href":"https:\/\/rezekne.citro.lv\/ru\/wp-json\/wp\/v2\/product_tag?post=74831"}],"curies":[{"name":"wp","href":"https:\/\/api.w.org\/{rel}","templated":true}]}}