{"id":74837,"date":"2026-04-23T00:18:00","date_gmt":"2026-04-22T21:18:00","guid":{"rendered":"https:\/\/rezekne.citro.lv\/veikals\/koslajama-gumija-orbit-bottle-spearmint-46gab\/"},"modified":"2026-04-23T00:18:01","modified_gmt":"2026-04-22T21:18:01","slug":"koslajama-gumija-orbit-bottle-spearmint-46gab","status":"publish","type":"product","link":"https:\/\/rezekne.citro.lv\/ru\/product\/koslajama-gumija-orbit-bottle-spearmint-46gab\/","title":{"rendered":"KO\u0160\u013b\u0100JAM\u0100 GUMIJA ORBIT BOTTLE SPEARMINT 46GAB"},"content":{"rendered":"<p>Izcelsmes valsts: Polija<\/p>\n","protected":false},"excerpt":{"rendered":"<p>Izcelsmes valsts: Polija<\/p>\n","protected":false},"featured_media":74475,"template":"","meta":{"_acf_changed":false,"inline_featured_image":false},"product_cat":[125,365],"product_tag":[],"acf":[],"aioseo_notices":[],"_links":{"self":[{"href":"https:\/\/rezekne.citro.lv\/ru\/wp-json\/wp\/v2\/product\/74837"}],"collection":[{"href":"https:\/\/rezekne.citro.lv\/ru\/wp-json\/wp\/v2\/product"}],"about":[{"href":"https:\/\/rezekne.citro.lv\/ru\/wp-json\/wp\/v2\/types\/product"}],"wp:featuredmedia":[{"embeddable":true,"href":"https:\/\/rezekne.citro.lv\/ru\/wp-json\/wp\/v2\/media\/74475"}],"wp:attachment":[{"href":"https:\/\/rezekne.citro.lv\/ru\/wp-json\/wp\/v2\/media?parent=74837"}],"wp:term":[{"taxonomy":"product_cat","embeddable":true,"href":"https:\/\/rezekne.citro.lv\/ru\/wp-json\/wp\/v2\/product_cat?post=74837"},{"taxonomy":"product_tag","embeddable":true,"href":"https:\/\/rezekne.citro.lv\/ru\/wp-json\/wp\/v2\/product_tag?post=74837"}],"curies":[{"name":"wp","href":"https:\/\/api.w.org\/{rel}","templated":true}]}}