{"id":74838,"date":"2026-03-26T00:17:26","date_gmt":"2026-03-25T22:17:26","guid":{"rendered":"https:\/\/rezekne.citro.lv\/veikals\/jogurts-saldkrejuma-muah-ar-citronu-siera-kukas-garsu-380g-valio\/"},"modified":"2026-04-07T12:00:11","modified_gmt":"2026-04-07T09:00:11","slug":"jogurts-saldkrejuma-muah-ar-citronu-siera-kukas-garsu-380g-valio","status":"publish","type":"product","link":"https:\/\/rezekne.citro.lv\/ru\/product\/jogurts-saldkrejuma-muah-ar-citronu-siera-kukas-garsu-380g-valio\/","title":{"rendered":"JOGURTS SALDKR\u0112JUMA MUAH! AR CITRONU SIERA K\u016aKAS GAR\u0160U 380G VALIO"},"content":{"rendered":"<p>Izcelsmes valsts: Igaunija<\/p>\n","protected":false},"excerpt":{"rendered":"<p>3.13 \u20ac\/KG<\/p>\n","protected":false},"featured_media":77427,"template":"","meta":{"_acf_changed":false,"inline_featured_image":false},"product_cat":[95,100],"product_tag":[],"acf":[],"aioseo_notices":[],"_links":{"self":[{"href":"https:\/\/rezekne.citro.lv\/ru\/wp-json\/wp\/v2\/product\/74838"}],"collection":[{"href":"https:\/\/rezekne.citro.lv\/ru\/wp-json\/wp\/v2\/product"}],"about":[{"href":"https:\/\/rezekne.citro.lv\/ru\/wp-json\/wp\/v2\/types\/product"}],"wp:featuredmedia":[{"embeddable":true,"href":"https:\/\/rezekne.citro.lv\/ru\/wp-json\/wp\/v2\/media\/77427"}],"wp:attachment":[{"href":"https:\/\/rezekne.citro.lv\/ru\/wp-json\/wp\/v2\/media?parent=74838"}],"wp:term":[{"taxonomy":"product_cat","embeddable":true,"href":"https:\/\/rezekne.citro.lv\/ru\/wp-json\/wp\/v2\/product_cat?post=74838"},{"taxonomy":"product_tag","embeddable":true,"href":"https:\/\/rezekne.citro.lv\/ru\/wp-json\/wp\/v2\/product_tag?post=74838"}],"curies":[{"name":"wp","href":"https:\/\/api.w.org\/{rel}","templated":true}]}}