{"id":74899,"date":"2024-12-05T00:27:15","date_gmt":"2024-12-04T22:27:15","guid":{"rendered":"https:\/\/rezekne.citro.lv\/veikals\/calu-skinki-bez-mugurkaula-550g\/"},"modified":"2024-12-05T00:27:16","modified_gmt":"2024-12-04T22:27:16","slug":"calu-skinki-bez-mugurkaula-550g","status":"publish","type":"product","link":"https:\/\/rezekne.citro.lv\/ru\/product\/calu-skinki-bez-mugurkaula-550g\/","title":{"rendered":"C\u0100\u013bU \u0160\u0136I\u0145\u0136I BEZ MUGURKAULA 550G"},"content":{"rendered":"<p>Izcelsmes valsts: Igaunija<\/p>\n","protected":false},"excerpt":{"rendered":"<p>6.89 \u20ac\/KG<\/p>\n","protected":false},"featured_media":75434,"template":"","meta":{"_acf_changed":false,"inline_featured_image":false},"product_cat":[135,190],"product_tag":[],"acf":[],"aioseo_notices":[],"_links":{"self":[{"href":"https:\/\/rezekne.citro.lv\/ru\/wp-json\/wp\/v2\/product\/74899"}],"collection":[{"href":"https:\/\/rezekne.citro.lv\/ru\/wp-json\/wp\/v2\/product"}],"about":[{"href":"https:\/\/rezekne.citro.lv\/ru\/wp-json\/wp\/v2\/types\/product"}],"wp:featuredmedia":[{"embeddable":true,"href":"https:\/\/rezekne.citro.lv\/ru\/wp-json\/wp\/v2\/media\/75434"}],"wp:attachment":[{"href":"https:\/\/rezekne.citro.lv\/ru\/wp-json\/wp\/v2\/media?parent=74899"}],"wp:term":[{"taxonomy":"product_cat","embeddable":true,"href":"https:\/\/rezekne.citro.lv\/ru\/wp-json\/wp\/v2\/product_cat?post=74899"},{"taxonomy":"product_tag","embeddable":true,"href":"https:\/\/rezekne.citro.lv\/ru\/wp-json\/wp\/v2\/product_tag?post=74899"}],"curies":[{"name":"wp","href":"https:\/\/api.w.org\/{rel}","templated":true}]}}