{"id":75319,"date":"2025-02-27T03:04:00","date_gmt":"2025-02-27T01:04:00","guid":{"rendered":"https:\/\/rezekne.citro.lv\/veikals\/cepumi-jelly-berry-kg\/"},"modified":"2026-04-28T15:01:05","modified_gmt":"2026-04-28T12:01:05","slug":"cepumi-jelly-berry-kg","status":"publish","type":"product","link":"https:\/\/rezekne.citro.lv\/ru\/product\/cepumi-jelly-berry-kg\/","title":{"rendered":"CEPUMI JELLY BERRY KG"},"content":{"rendered":"<p>Izcelsmes valsts: Ukraina<br \/>  Sast\u0101vda\u013cas: pirm\u0101s \u0161kiras KVIE\u0160U milti, \u017eelejas pild\u012bjums ar zeme\u0146u  gar\u0161u (cukurs, invertcukurs, biezin\u0101t\u0101js pekt\u012bns, sk\u0101buma regul\u0113t\u0101js citronsk\u0101be, , aromatiz\u0113tajs, sk\u0101buma regul\u0113t\u0101js n\u0101trija laktats, p\u0101rtikas kr\u0101sviela vara-hlorofils), \u017eelejas pild\u012bjums ar zeme\u0146u gar\u0161u (cukurs, invertcukurs, biezin\u0101t\u0101js pekt\u012bns, , sk\u0101buma regul\u0113t\u0101js citronsk\u0101be, , p\u0101rtikas kr\u0101sviela antocian\u012bts, aromatiz\u0113t\u0101js), cukurs, augu tauki, , PIENA SUKALU pulveris, emulggators SOJAS LECIT\u012aNS. PRODUKTS VAR SATUR\u0112T ZEMESRIEKSTU, SEZAMA , OLU PRODUKTUS.<\/p>\n","protected":false},"excerpt":{"rendered":"<p>6.99 \u20ac\/KG<\/p>\n","protected":false},"featured_media":79880,"template":"","meta":{"_acf_changed":false,"inline_featured_image":false},"product_cat":[125,139],"product_tag":[],"acf":[],"aioseo_notices":[],"_links":{"self":[{"href":"https:\/\/rezekne.citro.lv\/ru\/wp-json\/wp\/v2\/product\/75319"}],"collection":[{"href":"https:\/\/rezekne.citro.lv\/ru\/wp-json\/wp\/v2\/product"}],"about":[{"href":"https:\/\/rezekne.citro.lv\/ru\/wp-json\/wp\/v2\/types\/product"}],"wp:featuredmedia":[{"embeddable":true,"href":"https:\/\/rezekne.citro.lv\/ru\/wp-json\/wp\/v2\/media\/79880"}],"wp:attachment":[{"href":"https:\/\/rezekne.citro.lv\/ru\/wp-json\/wp\/v2\/media?parent=75319"}],"wp:term":[{"taxonomy":"product_cat","embeddable":true,"href":"https:\/\/rezekne.citro.lv\/ru\/wp-json\/wp\/v2\/product_cat?post=75319"},{"taxonomy":"product_tag","embeddable":true,"href":"https:\/\/rezekne.citro.lv\/ru\/wp-json\/wp\/v2\/product_tag?post=75319"}],"curies":[{"name":"wp","href":"https:\/\/api.w.org\/{rel}","templated":true}]}}