{"id":75334,"date":"2026-01-15T00:05:20","date_gmt":"2026-01-14T22:05:20","guid":{"rendered":"https:\/\/rezekne.citro.lv\/veikals\/udens-dzeramais-zakumuiza-negazets-1-5l\/"},"modified":"2026-04-21T06:04:30","modified_gmt":"2026-04-21T03:04:30","slug":"udens-dzeramais-zakumuiza-negazets-1-5l","status":"publish","type":"product","link":"https:\/\/rezekne.citro.lv\/ru\/product\/udens-dzeramais-zakumuiza-negazets-1-5l\/","title":{"rendered":"MINER\u0100L\u016aDENS DAB\u012aGS ZA\u0136UMUI\u017dA NEG\u0100Z\u0112TS 1.5L"},"content":{"rendered":"<p>Izcelsmes valsts: Latvija<\/p>\n","protected":false},"excerpt":{"rendered":"<p>0.50 \u20ac\/L<\/p>\n","protected":false},"featured_media":75079,"template":"","meta":{"_acf_changed":false,"inline_featured_image":false},"product_cat":[106,186],"product_tag":[],"acf":[],"aioseo_notices":[],"_links":{"self":[{"href":"https:\/\/rezekne.citro.lv\/ru\/wp-json\/wp\/v2\/product\/75334"}],"collection":[{"href":"https:\/\/rezekne.citro.lv\/ru\/wp-json\/wp\/v2\/product"}],"about":[{"href":"https:\/\/rezekne.citro.lv\/ru\/wp-json\/wp\/v2\/types\/product"}],"wp:featuredmedia":[{"embeddable":true,"href":"https:\/\/rezekne.citro.lv\/ru\/wp-json\/wp\/v2\/media\/75079"}],"wp:attachment":[{"href":"https:\/\/rezekne.citro.lv\/ru\/wp-json\/wp\/v2\/media?parent=75334"}],"wp:term":[{"taxonomy":"product_cat","embeddable":true,"href":"https:\/\/rezekne.citro.lv\/ru\/wp-json\/wp\/v2\/product_cat?post=75334"},{"taxonomy":"product_tag","embeddable":true,"href":"https:\/\/rezekne.citro.lv\/ru\/wp-json\/wp\/v2\/product_tag?post=75334"}],"curies":[{"name":"wp","href":"https:\/\/api.w.org\/{rel}","templated":true}]}}