{"id":75368,"date":"2025-11-06T02:19:25","date_gmt":"2025-11-06T00:19:25","guid":{"rendered":"https:\/\/rezekne.citro.lv\/veikals\/saldejums-rujiena-ar-iebiezinata-pienu-konusa-110ml-65g\/"},"modified":"2026-04-05T06:04:18","modified_gmt":"2026-04-05T03:04:18","slug":"saldejums-rujiena-ar-iebiezinata-pienu-konusa-110ml-65g","status":"publish","type":"product","link":"https:\/\/rezekne.citro.lv\/ru\/product\/saldejums-rujiena-ar-iebiezinata-pienu-konusa-110ml-65g\/","title":{"rendered":"SALD\u0112JUMS R\u016aJIENA  AR IEBIEZIN\u0100T\u0100 PIENU KONUS\u0100 110ML\/65G"},"content":{"rendered":"<p>Izcelsmes valsts: Latvija<\/p>\n","protected":false},"excerpt":{"rendered":"<p>13.08 \u20ac\/KG<\/p>\n","protected":false},"featured_media":75025,"template":"","meta":{"_acf_changed":false,"inline_featured_image":false},"product_cat":[233,234],"product_tag":[],"acf":[],"aioseo_notices":[],"_links":{"self":[{"href":"https:\/\/rezekne.citro.lv\/ru\/wp-json\/wp\/v2\/product\/75368"}],"collection":[{"href":"https:\/\/rezekne.citro.lv\/ru\/wp-json\/wp\/v2\/product"}],"about":[{"href":"https:\/\/rezekne.citro.lv\/ru\/wp-json\/wp\/v2\/types\/product"}],"wp:featuredmedia":[{"embeddable":true,"href":"https:\/\/rezekne.citro.lv\/ru\/wp-json\/wp\/v2\/media\/75025"}],"wp:attachment":[{"href":"https:\/\/rezekne.citro.lv\/ru\/wp-json\/wp\/v2\/media?parent=75368"}],"wp:term":[{"taxonomy":"product_cat","embeddable":true,"href":"https:\/\/rezekne.citro.lv\/ru\/wp-json\/wp\/v2\/product_cat?post=75368"},{"taxonomy":"product_tag","embeddable":true,"href":"https:\/\/rezekne.citro.lv\/ru\/wp-json\/wp\/v2\/product_tag?post=75368"}],"curies":[{"name":"wp","href":"https:\/\/api.w.org\/{rel}","templated":true}]}}