{"id":75375,"date":"2026-04-23T00:45:12","date_gmt":"2026-04-22T21:45:12","guid":{"rendered":"https:\/\/rezekne.citro.lv\/veikals\/saldejums-plombira-ar-citrona-sorbertu-vafelu-glazite-120ml-70g\/"},"modified":"2026-05-09T06:25:34","modified_gmt":"2026-05-09T03:25:34","slug":"saldejums-plombira-ar-citrona-sorbertu-vafelu-glazite-120ml-70g","status":"publish","type":"product","link":"https:\/\/rezekne.citro.lv\/ru\/product\/saldejums-plombira-ar-citrona-sorbertu-vafelu-glazite-120ml-70g\/","title":{"rendered":"SALD\u0112JUMS PLOMB\u012aRA AR CITRONA SORBERTU VAFE\u013bU GL\u0100Z\u012aT\u0112 120ML\/70G"},"content":{"rendered":"<p>Izcelsmes valsts: Latvija<\/p>\n","protected":false},"excerpt":{"rendered":"<p>12.14 \u20ac\/KG<\/p>\n","protected":false},"featured_media":68087,"template":"","meta":{"_acf_changed":false,"inline_featured_image":false},"product_cat":[233,234],"product_tag":[],"acf":[],"aioseo_notices":[],"_links":{"self":[{"href":"https:\/\/rezekne.citro.lv\/ru\/wp-json\/wp\/v2\/product\/75375"}],"collection":[{"href":"https:\/\/rezekne.citro.lv\/ru\/wp-json\/wp\/v2\/product"}],"about":[{"href":"https:\/\/rezekne.citro.lv\/ru\/wp-json\/wp\/v2\/types\/product"}],"wp:featuredmedia":[{"embeddable":true,"href":"https:\/\/rezekne.citro.lv\/ru\/wp-json\/wp\/v2\/media\/68087"}],"wp:attachment":[{"href":"https:\/\/rezekne.citro.lv\/ru\/wp-json\/wp\/v2\/media?parent=75375"}],"wp:term":[{"taxonomy":"product_cat","embeddable":true,"href":"https:\/\/rezekne.citro.lv\/ru\/wp-json\/wp\/v2\/product_cat?post=75375"},{"taxonomy":"product_tag","embeddable":true,"href":"https:\/\/rezekne.citro.lv\/ru\/wp-json\/wp\/v2\/product_tag?post=75375"}],"curies":[{"name":"wp","href":"https:\/\/api.w.org\/{rel}","templated":true}]}}