{"id":75436,"date":"2026-05-07T00:05:01","date_gmt":"2026-05-06T21:05:01","guid":{"rendered":"https:\/\/rezekne.citro.lv\/veikals\/kiselis-valdo-dzervenu-g-200g\/"},"modified":"2026-05-17T06:03:15","modified_gmt":"2026-05-17T03:03:15","slug":"kiselis-valdo-dzervenu-g-200g","status":"publish","type":"product","link":"https:\/\/rezekne.citro.lv\/ru\/product\/kiselis-valdo-dzervenu-g-200g\/","title":{"rendered":"\u0136\u012aSELIS VALDO DZ\u0112RVE\u0145U G. 200G"},"content":{"rendered":"<p>Izcelsmes valsts: Latvija<\/p>\n","protected":false},"excerpt":{"rendered":"<p>3.95 \u20ac\/KG<\/p>\n","protected":false},"featured_media":81357,"template":"","meta":{"_acf_changed":false,"inline_featured_image":false},"product_cat":[118,120],"product_tag":[],"acf":[],"aioseo_notices":[],"_links":{"self":[{"href":"https:\/\/rezekne.citro.lv\/ru\/wp-json\/wp\/v2\/product\/75436"}],"collection":[{"href":"https:\/\/rezekne.citro.lv\/ru\/wp-json\/wp\/v2\/product"}],"about":[{"href":"https:\/\/rezekne.citro.lv\/ru\/wp-json\/wp\/v2\/types\/product"}],"wp:featuredmedia":[{"embeddable":true,"href":"https:\/\/rezekne.citro.lv\/ru\/wp-json\/wp\/v2\/media\/81357"}],"wp:attachment":[{"href":"https:\/\/rezekne.citro.lv\/ru\/wp-json\/wp\/v2\/media?parent=75436"}],"wp:term":[{"taxonomy":"product_cat","embeddable":true,"href":"https:\/\/rezekne.citro.lv\/ru\/wp-json\/wp\/v2\/product_cat?post=75436"},{"taxonomy":"product_tag","embeddable":true,"href":"https:\/\/rezekne.citro.lv\/ru\/wp-json\/wp\/v2\/product_tag?post=75436"}],"curies":[{"name":"wp","href":"https:\/\/api.w.org\/{rel}","templated":true}]}}