{"id":75438,"date":"2026-03-26T00:31:56","date_gmt":"2026-03-25T22:31:56","guid":{"rendered":"https:\/\/rezekne.citro.lv\/veikals\/kiselis-valdo-zemenu-g-200g\/"},"modified":"2026-04-10T06:03:29","modified_gmt":"2026-04-10T03:03:29","slug":"kiselis-valdo-zemenu-g-200g","status":"publish","type":"product","link":"https:\/\/rezekne.citro.lv\/ru\/product\/kiselis-valdo-zemenu-g-200g\/","title":{"rendered":"\u0136\u012aSELIS VALDO ZEME\u0145U G. 200G"},"content":{"rendered":"<p>Izcelsmes valsts: Latvija<\/p>\n","protected":false},"excerpt":{"rendered":"<p>4.45 \u20ac\/KG<\/p>\n","protected":false},"featured_media":79437,"template":"","meta":{"_acf_changed":false,"inline_featured_image":false},"product_cat":[118,120],"product_tag":[],"acf":[],"aioseo_notices":[],"_links":{"self":[{"href":"https:\/\/rezekne.citro.lv\/ru\/wp-json\/wp\/v2\/product\/75438"}],"collection":[{"href":"https:\/\/rezekne.citro.lv\/ru\/wp-json\/wp\/v2\/product"}],"about":[{"href":"https:\/\/rezekne.citro.lv\/ru\/wp-json\/wp\/v2\/types\/product"}],"wp:featuredmedia":[{"embeddable":true,"href":"https:\/\/rezekne.citro.lv\/ru\/wp-json\/wp\/v2\/media\/79437"}],"wp:attachment":[{"href":"https:\/\/rezekne.citro.lv\/ru\/wp-json\/wp\/v2\/media?parent=75438"}],"wp:term":[{"taxonomy":"product_cat","embeddable":true,"href":"https:\/\/rezekne.citro.lv\/ru\/wp-json\/wp\/v2\/product_cat?post=75438"},{"taxonomy":"product_tag","embeddable":true,"href":"https:\/\/rezekne.citro.lv\/ru\/wp-json\/wp\/v2\/product_tag?post=75438"}],"curies":[{"name":"wp","href":"https:\/\/api.w.org\/{rel}","templated":true}]}}