{"id":75485,"date":"2026-04-23T00:32:53","date_gmt":"2026-04-22T21:32:53","guid":{"rendered":"https:\/\/rezekne.citro.lv\/veikals\/biezpiena-sierins-karums-vanilas-45g\/"},"modified":"2026-04-23T12:00:27","modified_gmt":"2026-04-23T09:00:27","slug":"biezpiena-sierins-karums-vanilas-45g","status":"publish","type":"product","link":"https:\/\/rezekne.citro.lv\/ru\/product\/biezpiena-sierins-karums-vanilas-45g\/","title":{"rendered":"BIEZPIENA SIERI\u0145\u0160 K\u0100RUMS VANI\u013bAS 45G"},"content":{"rendered":"<p>Izcelsmes valsts: Latvija<\/p>\n","protected":false},"excerpt":{"rendered":"<p>8.22 \u20ac\/KG<\/p>\n","protected":false},"featured_media":75640,"template":"","meta":{"_acf_changed":false,"inline_featured_image":false},"product_cat":[95,188],"product_tag":[],"acf":[],"aioseo_notices":[],"_links":{"self":[{"href":"https:\/\/rezekne.citro.lv\/ru\/wp-json\/wp\/v2\/product\/75485"}],"collection":[{"href":"https:\/\/rezekne.citro.lv\/ru\/wp-json\/wp\/v2\/product"}],"about":[{"href":"https:\/\/rezekne.citro.lv\/ru\/wp-json\/wp\/v2\/types\/product"}],"wp:featuredmedia":[{"embeddable":true,"href":"https:\/\/rezekne.citro.lv\/ru\/wp-json\/wp\/v2\/media\/75640"}],"wp:attachment":[{"href":"https:\/\/rezekne.citro.lv\/ru\/wp-json\/wp\/v2\/media?parent=75485"}],"wp:term":[{"taxonomy":"product_cat","embeddable":true,"href":"https:\/\/rezekne.citro.lv\/ru\/wp-json\/wp\/v2\/product_cat?post=75485"},{"taxonomy":"product_tag","embeddable":true,"href":"https:\/\/rezekne.citro.lv\/ru\/wp-json\/wp\/v2\/product_tag?post=75485"}],"curies":[{"name":"wp","href":"https:\/\/api.w.org\/{rel}","templated":true}]}}