{"id":75486,"date":"2026-04-23T00:31:09","date_gmt":"2026-04-22T21:31:09","guid":{"rendered":"https:\/\/rezekne.citro.lv\/veikals\/konservi-tuncis-gabalinos-sava-sula-john-west-145g-102g\/"},"modified":"2026-04-30T06:02:53","modified_gmt":"2026-04-30T03:02:53","slug":"konservi-tuncis-gabalinos-sava-sula-john-west-145g-102g","status":"publish","type":"product","link":"https:\/\/rezekne.citro.lv\/ru\/product\/konservi-tuncis-gabalinos-sava-sula-john-west-145g-102g\/","title":{"rendered":"KONSERVI TUNCIS GABALI\u0145OS SAV\u0100 SUL\u0100 JOHN WEST 145G\/102G"},"content":{"rendered":"<p>Izcelsmes valsts: Ekvadora<\/p>\n","protected":false},"excerpt":{"rendered":"<p>14.61 \u20ac\/KG<\/p>\n","protected":false},"featured_media":77123,"template":"","meta":{"_acf_changed":false,"inline_featured_image":false},"product_cat":[135,136],"product_tag":[],"acf":[],"aioseo_notices":[],"_links":{"self":[{"href":"https:\/\/rezekne.citro.lv\/ru\/wp-json\/wp\/v2\/product\/75486"}],"collection":[{"href":"https:\/\/rezekne.citro.lv\/ru\/wp-json\/wp\/v2\/product"}],"about":[{"href":"https:\/\/rezekne.citro.lv\/ru\/wp-json\/wp\/v2\/types\/product"}],"wp:featuredmedia":[{"embeddable":true,"href":"https:\/\/rezekne.citro.lv\/ru\/wp-json\/wp\/v2\/media\/77123"}],"wp:attachment":[{"href":"https:\/\/rezekne.citro.lv\/ru\/wp-json\/wp\/v2\/media?parent=75486"}],"wp:term":[{"taxonomy":"product_cat","embeddable":true,"href":"https:\/\/rezekne.citro.lv\/ru\/wp-json\/wp\/v2\/product_cat?post=75486"},{"taxonomy":"product_tag","embeddable":true,"href":"https:\/\/rezekne.citro.lv\/ru\/wp-json\/wp\/v2\/product_tag?post=75486"}],"curies":[{"name":"wp","href":"https:\/\/api.w.org\/{rel}","templated":true}]}}