{"id":75493,"date":"2026-04-23T00:34:53","date_gmt":"2026-04-22T21:34:53","guid":{"rendered":"https:\/\/rezekne.citro.lv\/veikals\/sierins-biezpiena-karums-ar-sokolades-45g-rps\/"},"modified":"2026-05-01T12:00:23","modified_gmt":"2026-05-01T09:00:23","slug":"sierins-biezpiena-karums-ar-sokolades-45g-rps","status":"publish","type":"product","link":"https:\/\/rezekne.citro.lv\/ru\/product\/sierins-biezpiena-karums-ar-sokolades-45g-rps\/","title":{"rendered":"BIEZPIENA SIERI\u0145\u0160 K\u0100RUMS \u0160OKOL\u0100DES 45G"},"content":{"rendered":"<p>Izcelsmes valsts: Latvija<\/p>\n","protected":false},"excerpt":{"rendered":"<p>8.22 \u20ac\/KG<\/p>\n","protected":false},"featured_media":75879,"template":"","meta":{"_acf_changed":false,"inline_featured_image":false},"product_cat":[95,188],"product_tag":[],"acf":[],"aioseo_notices":[],"_links":{"self":[{"href":"https:\/\/rezekne.citro.lv\/ru\/wp-json\/wp\/v2\/product\/75493"}],"collection":[{"href":"https:\/\/rezekne.citro.lv\/ru\/wp-json\/wp\/v2\/product"}],"about":[{"href":"https:\/\/rezekne.citro.lv\/ru\/wp-json\/wp\/v2\/types\/product"}],"wp:featuredmedia":[{"embeddable":true,"href":"https:\/\/rezekne.citro.lv\/ru\/wp-json\/wp\/v2\/media\/75879"}],"wp:attachment":[{"href":"https:\/\/rezekne.citro.lv\/ru\/wp-json\/wp\/v2\/media?parent=75493"}],"wp:term":[{"taxonomy":"product_cat","embeddable":true,"href":"https:\/\/rezekne.citro.lv\/ru\/wp-json\/wp\/v2\/product_cat?post=75493"},{"taxonomy":"product_tag","embeddable":true,"href":"https:\/\/rezekne.citro.lv\/ru\/wp-json\/wp\/v2\/product_tag?post=75493"}],"curies":[{"name":"wp","href":"https:\/\/api.w.org\/{rel}","templated":true}]}}