{"id":75501,"date":"2026-04-09T00:04:13","date_gmt":"2026-04-08T21:04:13","guid":{"rendered":"https:\/\/rezekne.citro.lv\/veikals\/zemesrieksti-saliti-grauzdeti-pauze-150g\/"},"modified":"2026-04-22T12:00:23","modified_gmt":"2026-04-22T09:00:23","slug":"zemesrieksti-saliti-grauzdeti-pauze-150g","status":"publish","type":"product","link":"https:\/\/rezekne.citro.lv\/ru\/product\/zemesrieksti-saliti-grauzdeti-pauze-150g\/","title":{"rendered":"ZEMESRIEKSTI S\u0100L\u012aTI GRAUZD\u0112TI PAUZE 150G"},"content":{"rendered":"<p>Izcelsmes valsts: \u0136\u012bna<\/p>\n","protected":false},"excerpt":{"rendered":"<p>7.93 \u20ac\/KG<\/p>\n","protected":false},"featured_media":79795,"template":"","meta":{"_acf_changed":false,"inline_featured_image":false},"product_cat":[125,202],"product_tag":[],"acf":[],"aioseo_notices":[],"_links":{"self":[{"href":"https:\/\/rezekne.citro.lv\/ru\/wp-json\/wp\/v2\/product\/75501"}],"collection":[{"href":"https:\/\/rezekne.citro.lv\/ru\/wp-json\/wp\/v2\/product"}],"about":[{"href":"https:\/\/rezekne.citro.lv\/ru\/wp-json\/wp\/v2\/types\/product"}],"wp:featuredmedia":[{"embeddable":true,"href":"https:\/\/rezekne.citro.lv\/ru\/wp-json\/wp\/v2\/media\/79795"}],"wp:attachment":[{"href":"https:\/\/rezekne.citro.lv\/ru\/wp-json\/wp\/v2\/media?parent=75501"}],"wp:term":[{"taxonomy":"product_cat","embeddable":true,"href":"https:\/\/rezekne.citro.lv\/ru\/wp-json\/wp\/v2\/product_cat?post=75501"},{"taxonomy":"product_tag","embeddable":true,"href":"https:\/\/rezekne.citro.lv\/ru\/wp-json\/wp\/v2\/product_tag?post=75501"}],"curies":[{"name":"wp","href":"https:\/\/api.w.org\/{rel}","templated":true}]}}