{"id":75503,"date":"2026-04-09T00:06:10","date_gmt":"2026-04-08T21:06:10","guid":{"rendered":"https:\/\/rezekne.citro.lv\/veikals\/ievarijums-avenu-340g\/"},"modified":"2026-04-18T06:04:19","modified_gmt":"2026-04-18T03:04:19","slug":"ievarijums-avenu-340g","status":"publish","type":"product","link":"https:\/\/rezekne.citro.lv\/ru\/product\/ievarijums-avenu-340g\/","title":{"rendered":"IEV\u0100R\u012aJUMS AVE\u0145U 340G"},"content":{"rendered":"<p>Izcelsmes valsts: Polija<\/p>\n","protected":false},"excerpt":{"rendered":"<p>5.26 \u20ac\/KG<\/p>\n","protected":false},"featured_media":83735,"template":"","meta":{"_acf_changed":false,"inline_featured_image":false},"product_cat":[103,193],"product_tag":[],"acf":[],"aioseo_notices":[],"_links":{"self":[{"href":"https:\/\/rezekne.citro.lv\/ru\/wp-json\/wp\/v2\/product\/75503"}],"collection":[{"href":"https:\/\/rezekne.citro.lv\/ru\/wp-json\/wp\/v2\/product"}],"about":[{"href":"https:\/\/rezekne.citro.lv\/ru\/wp-json\/wp\/v2\/types\/product"}],"wp:featuredmedia":[{"embeddable":true,"href":"https:\/\/rezekne.citro.lv\/ru\/wp-json\/wp\/v2\/media\/83735"}],"wp:attachment":[{"href":"https:\/\/rezekne.citro.lv\/ru\/wp-json\/wp\/v2\/media?parent=75503"}],"wp:term":[{"taxonomy":"product_cat","embeddable":true,"href":"https:\/\/rezekne.citro.lv\/ru\/wp-json\/wp\/v2\/product_cat?post=75503"},{"taxonomy":"product_tag","embeddable":true,"href":"https:\/\/rezekne.citro.lv\/ru\/wp-json\/wp\/v2\/product_tag?post=75503"}],"curies":[{"name":"wp","href":"https:\/\/api.w.org\/{rel}","templated":true}]}}