{"id":75504,"date":"2025-06-13T00:02:48","date_gmt":"2025-06-12T21:02:48","guid":{"rendered":"https:\/\/rezekne.citro.lv\/veikals\/sok-konf-karba-sok-cherry-200g\/"},"modified":"2025-08-01T09:29:21","modified_gmt":"2025-08-01T06:29:21","slug":"sok-konf-karba-sok-cherry-200g","status":"publish","type":"product","link":"https:\/\/rezekne.citro.lv\/ru\/product\/sok-konf-karba-sok-cherry-200g\/","title":{"rendered":"\u0160OK.KONF.K\u0100RBA \u0160OK.CHERRY 200G"},"content":{"rendered":"<p>Izcelsmes valsts: Ukraina<\/p>\n","protected":false},"excerpt":{"rendered":"<p>12.95 \u20ac\/KG<\/p>\n","protected":false},"featured_media":81450,"template":"","meta":{"_acf_changed":false,"inline_featured_image":false},"product_cat":[125,200],"product_tag":[],"acf":[],"aioseo_notices":[],"_links":{"self":[{"href":"https:\/\/rezekne.citro.lv\/ru\/wp-json\/wp\/v2\/product\/75504"}],"collection":[{"href":"https:\/\/rezekne.citro.lv\/ru\/wp-json\/wp\/v2\/product"}],"about":[{"href":"https:\/\/rezekne.citro.lv\/ru\/wp-json\/wp\/v2\/types\/product"}],"wp:featuredmedia":[{"embeddable":true,"href":"https:\/\/rezekne.citro.lv\/ru\/wp-json\/wp\/v2\/media\/81450"}],"wp:attachment":[{"href":"https:\/\/rezekne.citro.lv\/ru\/wp-json\/wp\/v2\/media?parent=75504"}],"wp:term":[{"taxonomy":"product_cat","embeddable":true,"href":"https:\/\/rezekne.citro.lv\/ru\/wp-json\/wp\/v2\/product_cat?post=75504"},{"taxonomy":"product_tag","embeddable":true,"href":"https:\/\/rezekne.citro.lv\/ru\/wp-json\/wp\/v2\/product_tag?post=75504"}],"curies":[{"name":"wp","href":"https:\/\/api.w.org\/{rel}","templated":true}]}}