{"id":76115,"date":"2026-01-29T00:15:59","date_gmt":"2026-01-28T22:15:59","guid":{"rendered":"https:\/\/rezekne.citro.lv\/veikals\/aboli-zaveti-180g-alisco\/"},"modified":"2026-04-09T09:00:08","modified_gmt":"2026-04-09T06:00:08","slug":"aboli-zaveti-180g-alisco","status":"publish","type":"product","link":"https:\/\/rezekne.citro.lv\/ru\/product\/aboli-zaveti-180g-alisco\/","title":{"rendered":"\u0100BOLI \u017d\u0100V\u0112TI 180G ALISCO"},"content":{"rendered":"<p>Izcelsmes valsts: \u0136\u012bna<\/p>\n","protected":false},"excerpt":{"rendered":"<p>16.61 \u20ac\/KG<\/p>\n","protected":false},"featured_media":79789,"template":"","meta":{"_acf_changed":false,"inline_featured_image":false},"product_cat":[125,543],"product_tag":[],"acf":[],"aioseo_notices":[],"_links":{"self":[{"href":"https:\/\/rezekne.citro.lv\/ru\/wp-json\/wp\/v2\/product\/76115"}],"collection":[{"href":"https:\/\/rezekne.citro.lv\/ru\/wp-json\/wp\/v2\/product"}],"about":[{"href":"https:\/\/rezekne.citro.lv\/ru\/wp-json\/wp\/v2\/types\/product"}],"wp:featuredmedia":[{"embeddable":true,"href":"https:\/\/rezekne.citro.lv\/ru\/wp-json\/wp\/v2\/media\/79789"}],"wp:attachment":[{"href":"https:\/\/rezekne.citro.lv\/ru\/wp-json\/wp\/v2\/media?parent=76115"}],"wp:term":[{"taxonomy":"product_cat","embeddable":true,"href":"https:\/\/rezekne.citro.lv\/ru\/wp-json\/wp\/v2\/product_cat?post=76115"},{"taxonomy":"product_tag","embeddable":true,"href":"https:\/\/rezekne.citro.lv\/ru\/wp-json\/wp\/v2\/product_tag?post=76115"}],"curies":[{"name":"wp","href":"https:\/\/api.w.org\/{rel}","templated":true}]}}