{"id":76117,"date":"2026-04-23T00:19:22","date_gmt":"2026-04-22T21:19:22","guid":{"rendered":"https:\/\/rezekne.citro.lv\/veikals\/logu-tirisanas-lidzeklis-ajax-zils-500ml\/"},"modified":"2026-04-23T00:19:24","modified_gmt":"2026-04-22T21:19:24","slug":"logu-tirisanas-lidzeklis-ajax-zils-500ml","status":"publish","type":"product","link":"https:\/\/rezekne.citro.lv\/ru\/product\/logu-tirisanas-lidzeklis-ajax-zils-500ml\/","title":{"rendered":"LOGU T\u012aR\u012a\u0160ANAS L\u012aDZEKLIS AJAX ZILS 500ML"},"content":{"rendered":"","protected":false},"excerpt":{"rendered":"<p>5.98 \u20ac\/L<\/p>\n","protected":false},"featured_media":76810,"template":"","meta":{"_acf_changed":false,"inline_featured_image":false},"product_cat":[131,169],"product_tag":[],"acf":[],"aioseo_notices":[],"_links":{"self":[{"href":"https:\/\/rezekne.citro.lv\/ru\/wp-json\/wp\/v2\/product\/76117"}],"collection":[{"href":"https:\/\/rezekne.citro.lv\/ru\/wp-json\/wp\/v2\/product"}],"about":[{"href":"https:\/\/rezekne.citro.lv\/ru\/wp-json\/wp\/v2\/types\/product"}],"wp:featuredmedia":[{"embeddable":true,"href":"https:\/\/rezekne.citro.lv\/ru\/wp-json\/wp\/v2\/media\/76810"}],"wp:attachment":[{"href":"https:\/\/rezekne.citro.lv\/ru\/wp-json\/wp\/v2\/media?parent=76117"}],"wp:term":[{"taxonomy":"product_cat","embeddable":true,"href":"https:\/\/rezekne.citro.lv\/ru\/wp-json\/wp\/v2\/product_cat?post=76117"},{"taxonomy":"product_tag","embeddable":true,"href":"https:\/\/rezekne.citro.lv\/ru\/wp-json\/wp\/v2\/product_tag?post=76117"}],"curies":[{"name":"wp","href":"https:\/\/api.w.org\/{rel}","templated":true}]}}