{"id":76119,"date":"2026-05-07T00:03:49","date_gmt":"2026-05-06T21:03:49","guid":{"rendered":"https:\/\/rezekne.citro.lv\/veikals\/seklas-saulespuku-y-e-s-stripainas-ar-sieru-300g\/"},"modified":"2026-05-13T06:02:16","modified_gmt":"2026-05-13T03:02:16","slug":"seklas-saulespuku-y-e-s-stripainas-ar-sieru-300g","status":"publish","type":"product","link":"https:\/\/rezekne.citro.lv\/ru\/product\/seklas-saulespuku-y-e-s-stripainas-ar-sieru-300g\/","title":{"rendered":"S\u0112KLAS SAULESPU\u0136U Y.E.S STR\u012aPAINAS AR SIERU 300G"},"content":{"rendered":"<p>Izcelsmes valsts: Lietuva<\/p>\n","protected":false},"excerpt":{"rendered":"<p>7.63 \u20ac\/KG<\/p>\n","protected":false},"featured_media":76808,"template":"","meta":{"_acf_changed":false,"inline_featured_image":false},"product_cat":[125,197],"product_tag":[],"acf":[],"aioseo_notices":[],"_links":{"self":[{"href":"https:\/\/rezekne.citro.lv\/ru\/wp-json\/wp\/v2\/product\/76119"}],"collection":[{"href":"https:\/\/rezekne.citro.lv\/ru\/wp-json\/wp\/v2\/product"}],"about":[{"href":"https:\/\/rezekne.citro.lv\/ru\/wp-json\/wp\/v2\/types\/product"}],"wp:featuredmedia":[{"embeddable":true,"href":"https:\/\/rezekne.citro.lv\/ru\/wp-json\/wp\/v2\/media\/76808"}],"wp:attachment":[{"href":"https:\/\/rezekne.citro.lv\/ru\/wp-json\/wp\/v2\/media?parent=76119"}],"wp:term":[{"taxonomy":"product_cat","embeddable":true,"href":"https:\/\/rezekne.citro.lv\/ru\/wp-json\/wp\/v2\/product_cat?post=76119"},{"taxonomy":"product_tag","embeddable":true,"href":"https:\/\/rezekne.citro.lv\/ru\/wp-json\/wp\/v2\/product_tag?post=76119"}],"curies":[{"name":"wp","href":"https:\/\/api.w.org\/{rel}","templated":true}]}}