{"id":76121,"date":"2026-04-23T00:32:17","date_gmt":"2026-04-22T21:32:17","guid":{"rendered":"https:\/\/rezekne.citro.lv\/veikals\/teja-mozums-mezrozisu-20x1-75g\/"},"modified":"2026-05-09T06:04:26","modified_gmt":"2026-05-09T03:04:26","slug":"teja-mozums-mezrozisu-20x1-75g","status":"publish","type":"product","link":"https:\/\/rezekne.citro.lv\/ru\/product\/teja-mozums-mezrozisu-20x1-75g\/","title":{"rendered":"T\u0112JA MO\u017dUMS ME\u017dROZ\u012a\u0160U 20X1.75G"},"content":{"rendered":"<p>Izcelsmes valsts: Polija<\/p>\n","protected":false},"excerpt":{"rendered":"<p>31.67 \u20ac\/KG<\/p>\n","protected":false},"featured_media":76291,"template":"","meta":{"_acf_changed":false,"inline_featured_image":false},"product_cat":[142,143],"product_tag":[],"acf":[],"aioseo_notices":[],"_links":{"self":[{"href":"https:\/\/rezekne.citro.lv\/ru\/wp-json\/wp\/v2\/product\/76121"}],"collection":[{"href":"https:\/\/rezekne.citro.lv\/ru\/wp-json\/wp\/v2\/product"}],"about":[{"href":"https:\/\/rezekne.citro.lv\/ru\/wp-json\/wp\/v2\/types\/product"}],"wp:featuredmedia":[{"embeddable":true,"href":"https:\/\/rezekne.citro.lv\/ru\/wp-json\/wp\/v2\/media\/76291"}],"wp:attachment":[{"href":"https:\/\/rezekne.citro.lv\/ru\/wp-json\/wp\/v2\/media?parent=76121"}],"wp:term":[{"taxonomy":"product_cat","embeddable":true,"href":"https:\/\/rezekne.citro.lv\/ru\/wp-json\/wp\/v2\/product_cat?post=76121"},{"taxonomy":"product_tag","embeddable":true,"href":"https:\/\/rezekne.citro.lv\/ru\/wp-json\/wp\/v2\/product_tag?post=76121"}],"curies":[{"name":"wp","href":"https:\/\/api.w.org\/{rel}","templated":true}]}}