{"id":76128,"date":"2026-03-26T00:33:38","date_gmt":"2026-03-25T22:33:38","guid":{"rendered":"https:\/\/rezekne.citro.lv\/veikals\/cipsi-adazu-kraukski-siera-nujinas-90g\/"},"modified":"2026-04-11T06:25:16","modified_gmt":"2026-04-11T03:25:16","slug":"cipsi-adazu-kraukski-siera-nujinas-90g","status":"publish","type":"product","link":"https:\/\/rezekne.citro.lv\/ru\/product\/cipsi-adazu-kraukski-siera-nujinas-90g\/","title":{"rendered":"\u010cIPSI \u0100DA\u017dU KRAUK\u0160\u0136I SIERA N\u016aJI\u0145AS 90G"},"content":{"rendered":"<p>Izcelsmes valsts: Latvija<\/p>\n","protected":false},"excerpt":{"rendered":"<p>18.33 \u20ac\/KG<\/p>\n","protected":false},"featured_media":76220,"template":"","meta":{"_acf_changed":false,"inline_featured_image":false},"product_cat":[125,191],"product_tag":[],"acf":[],"aioseo_notices":[],"_links":{"self":[{"href":"https:\/\/rezekne.citro.lv\/ru\/wp-json\/wp\/v2\/product\/76128"}],"collection":[{"href":"https:\/\/rezekne.citro.lv\/ru\/wp-json\/wp\/v2\/product"}],"about":[{"href":"https:\/\/rezekne.citro.lv\/ru\/wp-json\/wp\/v2\/types\/product"}],"wp:featuredmedia":[{"embeddable":true,"href":"https:\/\/rezekne.citro.lv\/ru\/wp-json\/wp\/v2\/media\/76220"}],"wp:attachment":[{"href":"https:\/\/rezekne.citro.lv\/ru\/wp-json\/wp\/v2\/media?parent=76128"}],"wp:term":[{"taxonomy":"product_cat","embeddable":true,"href":"https:\/\/rezekne.citro.lv\/ru\/wp-json\/wp\/v2\/product_cat?post=76128"},{"taxonomy":"product_tag","embeddable":true,"href":"https:\/\/rezekne.citro.lv\/ru\/wp-json\/wp\/v2\/product_tag?post=76128"}],"curies":[{"name":"wp","href":"https:\/\/api.w.org\/{rel}","templated":true}]}}