{"id":76129,"date":"2025-10-09T02:04:48","date_gmt":"2025-10-08T23:04:48","guid":{"rendered":"https:\/\/rezekne.citro.lv\/veikals\/maisijums-zavetu-auglu-vitaminu-avots-alis-co-250g\/"},"modified":"2025-10-09T02:04:52","modified_gmt":"2025-10-08T23:04:52","slug":"maisijums-zavetu-auglu-vitaminu-avots-alis-co-250g","status":"publish","type":"product","link":"https:\/\/rezekne.citro.lv\/ru\/product\/maisijums-zavetu-auglu-vitaminu-avots-alis-co-250g\/","title":{"rendered":"MAIS\u012aJUMS \u017d\u0100V\u0112TU AUG\u013bU VITAM\u012aNU AVOTS ALIS CO 250G"},"content":{"rendered":"<p>Izcelsmes valsts: Valsts \u2013 nav zi\u0146u<\/p>\n","protected":false},"excerpt":{"rendered":"<p>11.96 \u20ac\/KG<\/p>\n","protected":false},"featured_media":0,"template":"","meta":{"_acf_changed":false,"inline_featured_image":false},"product_cat":[125,543],"product_tag":[],"acf":[],"aioseo_notices":[],"_links":{"self":[{"href":"https:\/\/rezekne.citro.lv\/ru\/wp-json\/wp\/v2\/product\/76129"}],"collection":[{"href":"https:\/\/rezekne.citro.lv\/ru\/wp-json\/wp\/v2\/product"}],"about":[{"href":"https:\/\/rezekne.citro.lv\/ru\/wp-json\/wp\/v2\/types\/product"}],"wp:attachment":[{"href":"https:\/\/rezekne.citro.lv\/ru\/wp-json\/wp\/v2\/media?parent=76129"}],"wp:term":[{"taxonomy":"product_cat","embeddable":true,"href":"https:\/\/rezekne.citro.lv\/ru\/wp-json\/wp\/v2\/product_cat?post=76129"},{"taxonomy":"product_tag","embeddable":true,"href":"https:\/\/rezekne.citro.lv\/ru\/wp-json\/wp\/v2\/product_tag?post=76129"}],"curies":[{"name":"wp","href":"https:\/\/api.w.org\/{rel}","templated":true}]}}