{"id":76368,"date":"2025-04-25T00:11:25","date_gmt":"2025-04-24T21:11:25","guid":{"rendered":"https:\/\/rezekne.citro.lv\/veikals\/cala-fileja-leni-gatavota-bbq-mar-400g-kekava\/"},"modified":"2025-07-09T06:43:04","modified_gmt":"2025-07-09T03:43:04","slug":"cala-fileja-leni-gatavota-bbq-mar-400g-kekava","status":"publish","type":"product","link":"https:\/\/rezekne.citro.lv\/ru\/product\/cala-fileja-leni-gatavota-bbq-mar-400g-kekava\/","title":{"rendered":"CA\u013bA FILEJA L\u0112NI GATAVOTA BBQ MAR. 400G \u0136EKAVA"},"content":{"rendered":"<p>Izcelsmes valsts: Lietuva<\/p>\n","protected":false},"excerpt":{"rendered":"<p>10.98 \u20ac\/KG<\/p>\n","protected":false},"featured_media":76558,"template":"","meta":{"_acf_changed":false,"inline_featured_image":false},"product_cat":[135,174],"product_tag":[],"acf":[],"aioseo_notices":[],"_links":{"self":[{"href":"https:\/\/rezekne.citro.lv\/ru\/wp-json\/wp\/v2\/product\/76368"}],"collection":[{"href":"https:\/\/rezekne.citro.lv\/ru\/wp-json\/wp\/v2\/product"}],"about":[{"href":"https:\/\/rezekne.citro.lv\/ru\/wp-json\/wp\/v2\/types\/product"}],"wp:featuredmedia":[{"embeddable":true,"href":"https:\/\/rezekne.citro.lv\/ru\/wp-json\/wp\/v2\/media\/76558"}],"wp:attachment":[{"href":"https:\/\/rezekne.citro.lv\/ru\/wp-json\/wp\/v2\/media?parent=76368"}],"wp:term":[{"taxonomy":"product_cat","embeddable":true,"href":"https:\/\/rezekne.citro.lv\/ru\/wp-json\/wp\/v2\/product_cat?post=76368"},{"taxonomy":"product_tag","embeddable":true,"href":"https:\/\/rezekne.citro.lv\/ru\/wp-json\/wp\/v2\/product_tag?post=76368"}],"curies":[{"name":"wp","href":"https:\/\/api.w.org\/{rel}","templated":true}]}}