{"id":76369,"date":"2026-04-23T00:18:00","date_gmt":"2026-04-22T21:18:00","guid":{"rendered":"https:\/\/rezekne.citro.lv\/veikals\/desa-klasiska-a-k-vak-skel-80g-rgk\/"},"modified":"2026-04-25T06:02:27","modified_gmt":"2026-04-25T03:02:27","slug":"desa-klasiska-a-k-vak-skel-80g-rgk","status":"publish","type":"product","link":"https:\/\/rezekne.citro.lv\/ru\/product\/desa-klasiska-a-k-vak-skel-80g-rgk\/","title":{"rendered":"DESA KLASISK\u0100 A\/K VAK. \u0160\u0136\u0112L. 80G RGK"},"content":{"rendered":"<p>Izcelsmes valsts: Latvija<\/p>\n","protected":false},"excerpt":{"rendered":"<p>24.88 \u20ac\/KG<\/p>\n","protected":false},"featured_media":8669,"template":"","meta":{"_acf_changed":false,"inline_featured_image":false},"product_cat":[135,178],"product_tag":[],"acf":[],"aioseo_notices":[],"_links":{"self":[{"href":"https:\/\/rezekne.citro.lv\/ru\/wp-json\/wp\/v2\/product\/76369"}],"collection":[{"href":"https:\/\/rezekne.citro.lv\/ru\/wp-json\/wp\/v2\/product"}],"about":[{"href":"https:\/\/rezekne.citro.lv\/ru\/wp-json\/wp\/v2\/types\/product"}],"wp:featuredmedia":[{"embeddable":true,"href":"https:\/\/rezekne.citro.lv\/ru\/wp-json\/wp\/v2\/media\/8669"}],"wp:attachment":[{"href":"https:\/\/rezekne.citro.lv\/ru\/wp-json\/wp\/v2\/media?parent=76369"}],"wp:term":[{"taxonomy":"product_cat","embeddable":true,"href":"https:\/\/rezekne.citro.lv\/ru\/wp-json\/wp\/v2\/product_cat?post=76369"},{"taxonomy":"product_tag","embeddable":true,"href":"https:\/\/rezekne.citro.lv\/ru\/wp-json\/wp\/v2\/product_tag?post=76369"}],"curies":[{"name":"wp","href":"https:\/\/api.w.org\/{rel}","templated":true}]}}