{"id":77284,"date":"2026-04-23T00:32:23","date_gmt":"2026-04-22T21:32:23","guid":{"rendered":"https:\/\/rezekne.citro.lv\/veikals\/siers-valio-tilsit-skeles-500g\/"},"modified":"2026-05-11T06:03:16","modified_gmt":"2026-05-11T03:03:16","slug":"siers-valio-tilsit-skeles-500g","status":"publish","type":"product","link":"https:\/\/rezekne.citro.lv\/ru\/product\/siers-valio-tilsit-skeles-500g\/","title":{"rendered":"SIERS VALIO TILSIT \u0160\u0136\u0112L\u0112S 500G"},"content":{"rendered":"<p>Izcelsmes valsts: Igaunija<\/p>\n","protected":false},"excerpt":{"rendered":"<p>9.98 \u20ac\/KG<\/p>\n","protected":false},"featured_media":77441,"template":"","meta":{"_acf_changed":false,"inline_featured_image":false},"product_cat":[95,224],"product_tag":[],"acf":[],"aioseo_notices":[],"_links":{"self":[{"href":"https:\/\/rezekne.citro.lv\/ru\/wp-json\/wp\/v2\/product\/77284"}],"collection":[{"href":"https:\/\/rezekne.citro.lv\/ru\/wp-json\/wp\/v2\/product"}],"about":[{"href":"https:\/\/rezekne.citro.lv\/ru\/wp-json\/wp\/v2\/types\/product"}],"wp:featuredmedia":[{"embeddable":true,"href":"https:\/\/rezekne.citro.lv\/ru\/wp-json\/wp\/v2\/media\/77441"}],"wp:attachment":[{"href":"https:\/\/rezekne.citro.lv\/ru\/wp-json\/wp\/v2\/media?parent=77284"}],"wp:term":[{"taxonomy":"product_cat","embeddable":true,"href":"https:\/\/rezekne.citro.lv\/ru\/wp-json\/wp\/v2\/product_cat?post=77284"},{"taxonomy":"product_tag","embeddable":true,"href":"https:\/\/rezekne.citro.lv\/ru\/wp-json\/wp\/v2\/product_tag?post=77284"}],"curies":[{"name":"wp","href":"https:\/\/api.w.org\/{rel}","templated":true}]}}