{"id":77322,"date":"2026-03-10T00:02:07","date_gmt":"2026-03-09T22:02:07","guid":{"rendered":"https:\/\/rezekne.citro.lv\/veikals\/galetes-bruno-risu-mini-cipsi-ar-picas-garsv-un-olivellu-50g\/"},"modified":"2026-04-11T06:00:38","modified_gmt":"2026-04-11T03:00:38","slug":"galetes-bruno-risu-mini-cipsi-ar-picas-garsv-un-olivellu-50g","status":"publish","type":"product","link":"https:\/\/rezekne.citro.lv\/ru\/product\/galetes-bruno-risu-mini-cipsi-ar-picas-garsv-un-olivellu-50g\/","title":{"rendered":"GALETES BR\u016aNO R\u012aSU MINI \u010cIPSI AR PICAS GAR\u0160V. UN OL\u012aVE\u013b\u013bU 50G"},"content":{"rendered":"<p>Izcelsmes valsts: Bulg\u0101rija<\/p>\n","protected":false},"excerpt":{"rendered":"<p>29.80 \u20ac\/KG<\/p>\n","protected":false},"featured_media":88045,"template":"","meta":{"_acf_changed":false,"inline_featured_image":false},"product_cat":[215,563],"product_tag":[],"acf":[],"aioseo_notices":[],"_links":{"self":[{"href":"https:\/\/rezekne.citro.lv\/ru\/wp-json\/wp\/v2\/product\/77322"}],"collection":[{"href":"https:\/\/rezekne.citro.lv\/ru\/wp-json\/wp\/v2\/product"}],"about":[{"href":"https:\/\/rezekne.citro.lv\/ru\/wp-json\/wp\/v2\/types\/product"}],"wp:featuredmedia":[{"embeddable":true,"href":"https:\/\/rezekne.citro.lv\/ru\/wp-json\/wp\/v2\/media\/88045"}],"wp:attachment":[{"href":"https:\/\/rezekne.citro.lv\/ru\/wp-json\/wp\/v2\/media?parent=77322"}],"wp:term":[{"taxonomy":"product_cat","embeddable":true,"href":"https:\/\/rezekne.citro.lv\/ru\/wp-json\/wp\/v2\/product_cat?post=77322"},{"taxonomy":"product_tag","embeddable":true,"href":"https:\/\/rezekne.citro.lv\/ru\/wp-json\/wp\/v2\/product_tag?post=77322"}],"curies":[{"name":"wp","href":"https:\/\/api.w.org\/{rel}","templated":true}]}}