{"id":77325,"date":"2026-05-07T00:02:07","date_gmt":"2026-05-06T21:02:07","guid":{"rendered":"https:\/\/rezekne.citro.lv\/veikals\/sula-hohes-c-apelsinupasifloru-auglu-sula-ar-d-vitaminu-100-1l\/"},"modified":"2026-05-12T06:00:26","modified_gmt":"2026-05-12T03:00:26","slug":"sula-hohes-c-apelsinupasifloru-auglu-sula-ar-d-vitaminu-100-1l","status":"publish","type":"product","link":"https:\/\/rezekne.citro.lv\/ru\/product\/sula-hohes-c-apelsinupasifloru-auglu-sula-ar-d-vitaminu-100-1l\/","title":{"rendered":"SULA HOHES C APELS\u012aNU,PASIFLORU AUG\u013bU SULA AR D VITAM\u012aNU 100% 1L"},"content":{"rendered":"<p>Izcelsmes valsts: V\u0101cija<\/p>\n","protected":false},"excerpt":{"rendered":"<p>2.19 \u20ac\/L<\/p>\n","protected":false},"featured_media":77610,"template":"","meta":{"_acf_changed":false,"inline_featured_image":false},"product_cat":[106,124],"product_tag":[],"acf":[],"aioseo_notices":[],"_links":{"self":[{"href":"https:\/\/rezekne.citro.lv\/ru\/wp-json\/wp\/v2\/product\/77325"}],"collection":[{"href":"https:\/\/rezekne.citro.lv\/ru\/wp-json\/wp\/v2\/product"}],"about":[{"href":"https:\/\/rezekne.citro.lv\/ru\/wp-json\/wp\/v2\/types\/product"}],"wp:featuredmedia":[{"embeddable":true,"href":"https:\/\/rezekne.citro.lv\/ru\/wp-json\/wp\/v2\/media\/77610"}],"wp:attachment":[{"href":"https:\/\/rezekne.citro.lv\/ru\/wp-json\/wp\/v2\/media?parent=77325"}],"wp:term":[{"taxonomy":"product_cat","embeddable":true,"href":"https:\/\/rezekne.citro.lv\/ru\/wp-json\/wp\/v2\/product_cat?post=77325"},{"taxonomy":"product_tag","embeddable":true,"href":"https:\/\/rezekne.citro.lv\/ru\/wp-json\/wp\/v2\/product_tag?post=77325"}],"curies":[{"name":"wp","href":"https:\/\/api.w.org\/{rel}","templated":true}]}}