{"id":77333,"date":"2026-03-27T00:01:56","date_gmt":"2026-03-26T22:01:56","guid":{"rendered":"https:\/\/rezekne.citro.lv\/veikals\/gardmaize-sencu-maize-ar-kimenem-500g\/"},"modified":"2026-04-21T06:02:11","modified_gmt":"2026-04-21T03:02:11","slug":"gardmaize-sencu-maize-ar-kimenem-500g","status":"publish","type":"product","link":"https:\/\/rezekne.citro.lv\/ru\/product\/gardmaize-sencu-maize-ar-kimenem-500g\/","title":{"rendered":"GARDMAIZE SEN\u010cU MAIZE AR \u0136IMEN\u0112M 500G"},"content":{"rendered":"<p>Izcelsmes valsts: Latvija<\/p>\n","protected":false},"excerpt":{"rendered":"<p>3.98 \u20ac\/KG<\/p>\n","protected":false},"featured_media":77788,"template":"","meta":{"_acf_changed":false,"inline_featured_image":false},"product_cat":[215,216],"product_tag":[],"acf":[],"aioseo_notices":[],"_links":{"self":[{"href":"https:\/\/rezekne.citro.lv\/ru\/wp-json\/wp\/v2\/product\/77333"}],"collection":[{"href":"https:\/\/rezekne.citro.lv\/ru\/wp-json\/wp\/v2\/product"}],"about":[{"href":"https:\/\/rezekne.citro.lv\/ru\/wp-json\/wp\/v2\/types\/product"}],"wp:featuredmedia":[{"embeddable":true,"href":"https:\/\/rezekne.citro.lv\/ru\/wp-json\/wp\/v2\/media\/77788"}],"wp:attachment":[{"href":"https:\/\/rezekne.citro.lv\/ru\/wp-json\/wp\/v2\/media?parent=77333"}],"wp:term":[{"taxonomy":"product_cat","embeddable":true,"href":"https:\/\/rezekne.citro.lv\/ru\/wp-json\/wp\/v2\/product_cat?post=77333"},{"taxonomy":"product_tag","embeddable":true,"href":"https:\/\/rezekne.citro.lv\/ru\/wp-json\/wp\/v2\/product_tag?post=77333"}],"curies":[{"name":"wp","href":"https:\/\/api.w.org\/{rel}","templated":true}]}}