{"id":77338,"date":"2026-05-07T00:05:15","date_gmt":"2026-05-06T21:05:15","guid":{"rendered":"https:\/\/rezekne.citro.lv\/veikals\/sula-hohes-c-vinogu-greipfrutu-ar-cinku-100-1l\/"},"modified":"2026-05-13T06:03:22","modified_gmt":"2026-05-13T03:03:22","slug":"sula-hohes-c-vinogu-greipfrutu-ar-cinku-100-1l","status":"publish","type":"product","link":"https:\/\/rezekne.citro.lv\/ru\/product\/sula-hohes-c-vinogu-greipfrutu-ar-cinku-100-1l\/","title":{"rendered":"SULA HOHES C V\u012aNOGU, GREIPFR\u016aTU AR CINKU 100% 1L"},"content":{"rendered":"<p>Izcelsmes valsts: V\u0101cija<\/p>\n","protected":false},"excerpt":{"rendered":"<p>2.19 \u20ac\/L<\/p>\n","protected":false},"featured_media":0,"template":"","meta":{"_acf_changed":false,"inline_featured_image":false},"product_cat":[106,124],"product_tag":[],"acf":[],"aioseo_notices":[],"_links":{"self":[{"href":"https:\/\/rezekne.citro.lv\/ru\/wp-json\/wp\/v2\/product\/77338"}],"collection":[{"href":"https:\/\/rezekne.citro.lv\/ru\/wp-json\/wp\/v2\/product"}],"about":[{"href":"https:\/\/rezekne.citro.lv\/ru\/wp-json\/wp\/v2\/types\/product"}],"wp:attachment":[{"href":"https:\/\/rezekne.citro.lv\/ru\/wp-json\/wp\/v2\/media?parent=77338"}],"wp:term":[{"taxonomy":"product_cat","embeddable":true,"href":"https:\/\/rezekne.citro.lv\/ru\/wp-json\/wp\/v2\/product_cat?post=77338"},{"taxonomy":"product_tag","embeddable":true,"href":"https:\/\/rezekne.citro.lv\/ru\/wp-json\/wp\/v2\/product_tag?post=77338"}],"curies":[{"name":"wp","href":"https:\/\/api.w.org\/{rel}","templated":true}]}}