{"id":77367,"date":"2026-04-23T00:31:39","date_gmt":"2026-04-22T21:31:39","guid":{"rendered":"https:\/\/rezekne.citro.lv\/veikals\/papira-dvieli-grite-family-4-rulli\/"},"modified":"2026-04-30T06:03:05","modified_gmt":"2026-04-30T03:03:05","slug":"papira-dvieli-grite-family-4-rulli","status":"publish","type":"product","link":"https:\/\/rezekne.citro.lv\/ru\/product\/papira-dvieli-grite-family-4-rulli\/","title":{"rendered":"PAP\u012aRA DVIE\u013bI GRITE FAMILY 4 RU\u013b\u013bI"},"content":{"rendered":"<p>Izcelsmes valsts: Lietuva<\/p>\n","protected":false},"excerpt":{"rendered":"<p>0.57 \u20ac\/GAB<\/p>\n","protected":false},"featured_media":77590,"template":"","meta":{"_acf_changed":false,"inline_featured_image":false},"product_cat":[131,163],"product_tag":[],"acf":[],"aioseo_notices":[],"_links":{"self":[{"href":"https:\/\/rezekne.citro.lv\/ru\/wp-json\/wp\/v2\/product\/77367"}],"collection":[{"href":"https:\/\/rezekne.citro.lv\/ru\/wp-json\/wp\/v2\/product"}],"about":[{"href":"https:\/\/rezekne.citro.lv\/ru\/wp-json\/wp\/v2\/types\/product"}],"wp:featuredmedia":[{"embeddable":true,"href":"https:\/\/rezekne.citro.lv\/ru\/wp-json\/wp\/v2\/media\/77590"}],"wp:attachment":[{"href":"https:\/\/rezekne.citro.lv\/ru\/wp-json\/wp\/v2\/media?parent=77367"}],"wp:term":[{"taxonomy":"product_cat","embeddable":true,"href":"https:\/\/rezekne.citro.lv\/ru\/wp-json\/wp\/v2\/product_cat?post=77367"},{"taxonomy":"product_tag","embeddable":true,"href":"https:\/\/rezekne.citro.lv\/ru\/wp-json\/wp\/v2\/product_tag?post=77367"}],"curies":[{"name":"wp","href":"https:\/\/api.w.org\/{rel}","templated":true}]}}