{"id":77368,"date":"2026-02-26T00:19:05","date_gmt":"2026-02-25T22:19:05","guid":{"rendered":"https:\/\/rezekne.citro.lv\/veikals\/tomati-sava-sula-680g-370g\/"},"modified":"2026-04-23T06:03:28","modified_gmt":"2026-04-23T03:03:28","slug":"tomati-sava-sula-680g-370g","status":"publish","type":"product","link":"https:\/\/rezekne.citro.lv\/ru\/product\/tomati-sava-sula-680g-370g\/","title":{"rendered":"TOM\u0100TI SAV\u0100 SUL\u0100 680G\/370G"},"content":{"rendered":"<p>Izcelsmes valsts: Polija<\/p>\n","protected":false},"excerpt":{"rendered":"<p>6.74 \u20ac\/KG<\/p>\n","protected":false},"featured_media":79630,"template":"","meta":{"_acf_changed":false,"inline_featured_image":false},"product_cat":[103,137],"product_tag":[],"acf":[],"aioseo_notices":[],"_links":{"self":[{"href":"https:\/\/rezekne.citro.lv\/ru\/wp-json\/wp\/v2\/product\/77368"}],"collection":[{"href":"https:\/\/rezekne.citro.lv\/ru\/wp-json\/wp\/v2\/product"}],"about":[{"href":"https:\/\/rezekne.citro.lv\/ru\/wp-json\/wp\/v2\/types\/product"}],"wp:featuredmedia":[{"embeddable":true,"href":"https:\/\/rezekne.citro.lv\/ru\/wp-json\/wp\/v2\/media\/79630"}],"wp:attachment":[{"href":"https:\/\/rezekne.citro.lv\/ru\/wp-json\/wp\/v2\/media?parent=77368"}],"wp:term":[{"taxonomy":"product_cat","embeddable":true,"href":"https:\/\/rezekne.citro.lv\/ru\/wp-json\/wp\/v2\/product_cat?post=77368"},{"taxonomy":"product_tag","embeddable":true,"href":"https:\/\/rezekne.citro.lv\/ru\/wp-json\/wp\/v2\/product_tag?post=77368"}],"curies":[{"name":"wp","href":"https:\/\/api.w.org\/{rel}","templated":true}]}}