{"id":77849,"date":"2026-04-01T00:03:07","date_gmt":"2026-03-31T21:03:07","guid":{"rendered":"https:\/\/rezekne.citro.lv\/veikals\/baribas-maisijums-putniem-avicentra-400g\/"},"modified":"2026-04-01T00:03:09","modified_gmt":"2026-03-31T21:03:09","slug":"baribas-maisijums-putniem-avicentra-400g","status":"publish","type":"product","link":"https:\/\/rezekne.citro.lv\/ru\/product\/baribas-maisijums-putniem-avicentra-400g\/","title":{"rendered":"BAR\u012aBAS MAIS\u012aJUMS PUTNIEM AVICENTRA 400G"},"content":{"rendered":"<p>Izcelsmes valsts: \u010cehija<\/p>\n","protected":false},"excerpt":{"rendered":"<p>3.48 \u20ac\/KG<\/p>\n","protected":false},"featured_media":81969,"template":"","meta":{"_acf_changed":false,"inline_featured_image":false},"product_cat":[153,154],"product_tag":[],"acf":[],"aioseo_notices":[],"_links":{"self":[{"href":"https:\/\/rezekne.citro.lv\/ru\/wp-json\/wp\/v2\/product\/77849"}],"collection":[{"href":"https:\/\/rezekne.citro.lv\/ru\/wp-json\/wp\/v2\/product"}],"about":[{"href":"https:\/\/rezekne.citro.lv\/ru\/wp-json\/wp\/v2\/types\/product"}],"wp:featuredmedia":[{"embeddable":true,"href":"https:\/\/rezekne.citro.lv\/ru\/wp-json\/wp\/v2\/media\/81969"}],"wp:attachment":[{"href":"https:\/\/rezekne.citro.lv\/ru\/wp-json\/wp\/v2\/media?parent=77849"}],"wp:term":[{"taxonomy":"product_cat","embeddable":true,"href":"https:\/\/rezekne.citro.lv\/ru\/wp-json\/wp\/v2\/product_cat?post=77849"},{"taxonomy":"product_tag","embeddable":true,"href":"https:\/\/rezekne.citro.lv\/ru\/wp-json\/wp\/v2\/product_tag?post=77849"}],"curies":[{"name":"wp","href":"https:\/\/api.w.org\/{rel}","templated":true}]}}