{"id":79224,"date":"2026-04-09T00:05:46","date_gmt":"2026-04-08T21:05:46","guid":{"rendered":"https:\/\/rezekne.citro.lv\/veikals\/cisini-mini-ekspress-fas-kg-forevers\/"},"modified":"2026-04-20T09:00:14","modified_gmt":"2026-04-20T06:00:14","slug":"cisini-mini-ekspress-fas-kg-forevers","status":"publish","type":"product","link":"https:\/\/rezekne.citro.lv\/ru\/product\/cisini-mini-ekspress-fas-kg-forevers\/","title":{"rendered":"C\u012aSI\u0145I MINI EKSPRESS FAS. KG (FOREVERS)"},"content":{"rendered":"<p>Izcelsmes valsts: Latvija<br \/>Ra\u017eot\u0101js: SIA Forevers uzglab\u0101\u0161anas temp.+2-+6C<\/p>\n","protected":false},"excerpt":{"rendered":"<p>4.49 \u20ac\/KG<\/p>\n","protected":false},"featured_media":79753,"template":"","meta":{"_acf_changed":false,"inline_featured_image":false},"product_cat":[135,192],"product_tag":[],"acf":[],"aioseo_notices":[],"_links":{"self":[{"href":"https:\/\/rezekne.citro.lv\/ru\/wp-json\/wp\/v2\/product\/79224"}],"collection":[{"href":"https:\/\/rezekne.citro.lv\/ru\/wp-json\/wp\/v2\/product"}],"about":[{"href":"https:\/\/rezekne.citro.lv\/ru\/wp-json\/wp\/v2\/types\/product"}],"wp:featuredmedia":[{"embeddable":true,"href":"https:\/\/rezekne.citro.lv\/ru\/wp-json\/wp\/v2\/media\/79753"}],"wp:attachment":[{"href":"https:\/\/rezekne.citro.lv\/ru\/wp-json\/wp\/v2\/media?parent=79224"}],"wp:term":[{"taxonomy":"product_cat","embeddable":true,"href":"https:\/\/rezekne.citro.lv\/ru\/wp-json\/wp\/v2\/product_cat?post=79224"},{"taxonomy":"product_tag","embeddable":true,"href":"https:\/\/rezekne.citro.lv\/ru\/wp-json\/wp\/v2\/product_tag?post=79224"}],"curies":[{"name":"wp","href":"https:\/\/api.w.org\/{rel}","templated":true}]}}