{"id":79228,"date":"2026-01-02T00:19:08","date_gmt":"2026-01-01T22:19:08","guid":{"rendered":"https:\/\/rezekne.citro.lv\/veikals\/siers-french-brie-cantorel-60-kg\/"},"modified":"2026-02-11T06:02:59","modified_gmt":"2026-02-11T04:02:59","slug":"siers-french-brie-cantorel-60-kg","status":"publish","type":"product","link":"https:\/\/rezekne.citro.lv\/ru\/product\/siers-french-brie-cantorel-60-kg\/","title":{"rendered":"SIERS FRENCH BRIE CANTOREL 60% KG"},"content":{"rendered":"<p>Izcelsmes valsts: Francija<br \/>\nSast\u0101vda\u013cas: pasteriz\u0113ts govs PIENS (izcelsmes valsts &#8212; Francija), s\u0101ls, piensk\u0101bes kult\u016bra, siera ferments. 100g produkta satur: tauki &#8212; 32g, og\u013chidr\u0101ti &#8212; 1.50g, olbaltumvielas 17g,s\u0101ls &#8212; 1.5g.<\/p>\n","protected":false},"excerpt":{"rendered":"<p>12.99 \u20ac\/KG<\/p>\n","protected":false},"featured_media":91373,"template":"","meta":{"_acf_changed":false,"inline_featured_image":false},"product_cat":[95,578],"product_tag":[],"acf":[],"aioseo_notices":[],"_links":{"self":[{"href":"https:\/\/rezekne.citro.lv\/ru\/wp-json\/wp\/v2\/product\/79228"}],"collection":[{"href":"https:\/\/rezekne.citro.lv\/ru\/wp-json\/wp\/v2\/product"}],"about":[{"href":"https:\/\/rezekne.citro.lv\/ru\/wp-json\/wp\/v2\/types\/product"}],"wp:featuredmedia":[{"embeddable":true,"href":"https:\/\/rezekne.citro.lv\/ru\/wp-json\/wp\/v2\/media\/91373"}],"wp:attachment":[{"href":"https:\/\/rezekne.citro.lv\/ru\/wp-json\/wp\/v2\/media?parent=79228"}],"wp:term":[{"taxonomy":"product_cat","embeddable":true,"href":"https:\/\/rezekne.citro.lv\/ru\/wp-json\/wp\/v2\/product_cat?post=79228"},{"taxonomy":"product_tag","embeddable":true,"href":"https:\/\/rezekne.citro.lv\/ru\/wp-json\/wp\/v2\/product_tag?post=79228"}],"curies":[{"name":"wp","href":"https:\/\/api.w.org\/{rel}","templated":true}]}}