{"id":79237,"date":"2026-04-23T01:15:08","date_gmt":"2026-04-22T22:15:08","guid":{"rendered":"https:\/\/rezekne.citro.lv\/veikals\/konservi-tuncis-saulespuku-ella-banga-160g\/"},"modified":"2026-04-30T06:13:01","modified_gmt":"2026-04-30T03:13:01","slug":"konservi-tuncis-saulespuku-ella-banga-160g","status":"publish","type":"product","link":"https:\/\/rezekne.citro.lv\/ru\/product\/konservi-tuncis-saulespuku-ella-banga-160g\/","title":{"rendered":"KONSERVI TUNCIS SAULESPU\u0136U E\u013b\u013b\u0100 BANGA 160G"},"content":{"rendered":"<p>Izcelsmes valsts: Vjetnama<\/p>\n","protected":false},"excerpt":{"rendered":"<p>13.69 \u20ac\/KG<\/p>\n","protected":false},"featured_media":79027,"template":"","meta":{"_acf_changed":false,"inline_featured_image":false},"product_cat":[135,136],"product_tag":[],"acf":[],"aioseo_notices":[],"_links":{"self":[{"href":"https:\/\/rezekne.citro.lv\/ru\/wp-json\/wp\/v2\/product\/79237"}],"collection":[{"href":"https:\/\/rezekne.citro.lv\/ru\/wp-json\/wp\/v2\/product"}],"about":[{"href":"https:\/\/rezekne.citro.lv\/ru\/wp-json\/wp\/v2\/types\/product"}],"wp:featuredmedia":[{"embeddable":true,"href":"https:\/\/rezekne.citro.lv\/ru\/wp-json\/wp\/v2\/media\/79027"}],"wp:attachment":[{"href":"https:\/\/rezekne.citro.lv\/ru\/wp-json\/wp\/v2\/media?parent=79237"}],"wp:term":[{"taxonomy":"product_cat","embeddable":true,"href":"https:\/\/rezekne.citro.lv\/ru\/wp-json\/wp\/v2\/product_cat?post=79237"},{"taxonomy":"product_tag","embeddable":true,"href":"https:\/\/rezekne.citro.lv\/ru\/wp-json\/wp\/v2\/product_tag?post=79237"}],"curies":[{"name":"wp","href":"https:\/\/api.w.org\/{rel}","templated":true}]}}